{"id":889,"date":"2025-04-07T09:53:44","date_gmt":"2025-04-07T07:53:44","guid":{"rendered":"https:\/\/lcendamo.aristeecampus.org\/?page_id=889"},"modified":"2025-04-07T09:53:45","modified_gmt":"2025-04-07T07:53:45","slug":"889-2","status":"publish","type":"page","link":"https:\/\/lcendamo.aristeecampus.org\/index.php\/889-2\/","title":{"rendered":""},"content":{"rendered":"<h1>Cr\u00e9ation d\u2019une VM sur vSphere<\/h1>\n<p>Nous avons besoin d\u2019une nouvelle machine Linux sur le r\u00e9seau qui sera utilis\u00e9e pour Ansible.<\/p>\n<p>Pour ce faire, vSphere propose un utilitaire de cr\u00e9ation de machine virtuelle\u00a0:<\/p>\n<p><img loading=\"lazy\" decoding=\"async\" width=\"1166\" height=\"730\" src=\"http:\/\/lcendamo.aristeecampus.org\/wp-content\/uploads\/2025\/04\/word-image-889-1.png\" class=\"wp-image-890\" srcset=\"https:\/\/lcendamo.aristeecampus.org\/wp-content\/uploads\/2025\/04\/word-image-889-1.png 1166w, https:\/\/lcendamo.aristeecampus.org\/wp-content\/uploads\/2025\/04\/word-image-889-1-300x188.png 300w, https:\/\/lcendamo.aristeecampus.org\/wp-content\/uploads\/2025\/04\/word-image-889-1-1024x641.png 1024w, https:\/\/lcendamo.aristeecampus.org\/wp-content\/uploads\/2025\/04\/word-image-889-1-768x481.png 768w\" sizes=\"(max-width: 1166px) 100vw, 1166px\" \/><\/p>\n<p>Tout d\u2019abord, il faut s\u00e9l\u00e9ctionner le dossier pour la machine, ainsi que lui donner un nom\u00a0:<\/p>\n<p><img loading=\"lazy\" decoding=\"async\" width=\"1165\" height=\"711\" src=\"http:\/\/lcendamo.aristeecampus.org\/wp-content\/uploads\/2025\/04\/word-image-889-2.png\" class=\"wp-image-891\" srcset=\"https:\/\/lcendamo.aristeecampus.org\/wp-content\/uploads\/2025\/04\/word-image-889-2.png 1165w, https:\/\/lcendamo.aristeecampus.org\/wp-content\/uploads\/2025\/04\/word-image-889-2-300x183.png 300w, https:\/\/lcendamo.aristeecampus.org\/wp-content\/uploads\/2025\/04\/word-image-889-2-1024x625.png 1024w, https:\/\/lcendamo.aristeecampus.org\/wp-content\/uploads\/2025\/04\/word-image-889-2-768x469.png 768w\" sizes=\"(max-width: 1165px) 100vw, 1165px\" \/><\/p>\n<p>Ici, l\u2019utilitaire nous demande de selectionner le serveur de virtualisation physique sur lequel nous voulons installer la machine virtuelle (VM)<\/p>\n<p><img loading=\"lazy\" decoding=\"async\" width=\"1162\" height=\"737\" src=\"http:\/\/lcendamo.aristeecampus.org\/wp-content\/uploads\/2025\/04\/word-image-889-3.png\" class=\"wp-image-892\" srcset=\"https:\/\/lcendamo.aristeecampus.org\/wp-content\/uploads\/2025\/04\/word-image-889-3.png 1162w, https:\/\/lcendamo.aristeecampus.org\/wp-content\/uploads\/2025\/04\/word-image-889-3-300x190.png 300w, https:\/\/lcendamo.aristeecampus.org\/wp-content\/uploads\/2025\/04\/word-image-889-3-1024x649.png 1024w, https:\/\/lcendamo.aristeecampus.org\/wp-content\/uploads\/2025\/04\/word-image-889-3-768x487.png 768w\" sizes=\"(max-width: 1162px) 100vw, 1162px\" \/><\/p>\n<p>Ici, nous selectionnons le stockage\u00a0:<\/p>\n<p><img loading=\"lazy\" decoding=\"async\" width=\"1146\" height=\"736\" src=\"http:\/\/lcendamo.aristeecampus.org\/wp-content\/uploads\/2025\/04\/word-image-889-4.png\" class=\"wp-image-893\" srcset=\"https:\/\/lcendamo.aristeecampus.org\/wp-content\/uploads\/2025\/04\/word-image-889-4.png 1146w, https:\/\/lcendamo.aristeecampus.org\/wp-content\/uploads\/2025\/04\/word-image-889-4-300x193.png 300w, https:\/\/lcendamo.aristeecampus.org\/wp-content\/uploads\/2025\/04\/word-image-889-4-1024x658.png 1024w, https:\/\/lcendamo.aristeecampus.org\/wp-content\/uploads\/2025\/04\/word-image-889-4-768x493.png 768w\" sizes=\"(max-width: 1146px) 100vw, 1146px\" \/><\/p>\n<p>Dans cette fen\u00eatre, il nous est demand\u00e9 de s\u00e9l\u00e9ctionner la compatibilit\u00e9 de version d\u2019ESXi\u00a0:<\/p>\n<p><img loading=\"lazy\" decoding=\"async\" width=\"1155\" height=\"740\" src=\"http:\/\/lcendamo.aristeecampus.org\/wp-content\/uploads\/2025\/04\/word-image-889-5.png\" class=\"wp-image-894\" srcset=\"https:\/\/lcendamo.aristeecampus.org\/wp-content\/uploads\/2025\/04\/word-image-889-5.png 1155w, https:\/\/lcendamo.aristeecampus.org\/wp-content\/uploads\/2025\/04\/word-image-889-5-300x192.png 300w, https:\/\/lcendamo.aristeecampus.org\/wp-content\/uploads\/2025\/04\/word-image-889-5-1024x656.png 1024w, https:\/\/lcendamo.aristeecampus.org\/wp-content\/uploads\/2025\/04\/word-image-889-5-768x492.png 768w\" sizes=\"(max-width: 1155px) 100vw, 1155px\" \/><\/p>\n<p>Ici, nous devons indiqu\u00e9 la version de l\u2019OS qui sera install\u00e9e sur la VM\u00a0:<\/p>\n<p><img loading=\"lazy\" decoding=\"async\" width=\"1156\" height=\"739\" src=\"http:\/\/lcendamo.aristeecampus.org\/wp-content\/uploads\/2025\/04\/word-image-889-6.png\" class=\"wp-image-895\" srcset=\"https:\/\/lcendamo.aristeecampus.org\/wp-content\/uploads\/2025\/04\/word-image-889-6.png 1156w, https:\/\/lcendamo.aristeecampus.org\/wp-content\/uploads\/2025\/04\/word-image-889-6-300x192.png 300w, https:\/\/lcendamo.aristeecampus.org\/wp-content\/uploads\/2025\/04\/word-image-889-6-1024x655.png 1024w, https:\/\/lcendamo.aristeecampus.org\/wp-content\/uploads\/2025\/04\/word-image-889-6-768x491.png 768w\" sizes=\"(max-width: 1156px) 100vw, 1156px\" \/><\/p>\n<p>Nous devons ensuite personnaliser le mat\u00e9riel, pour cela nous nous basons sur les recommandation officiel de Ansible\u00a0:<\/p>\n<p><img loading=\"lazy\" decoding=\"async\" width=\"1165\" height=\"734\" src=\"http:\/\/lcendamo.aristeecampus.org\/wp-content\/uploads\/2025\/04\/word-image-889-7.png\" class=\"wp-image-896\" srcset=\"https:\/\/lcendamo.aristeecampus.org\/wp-content\/uploads\/2025\/04\/word-image-889-7.png 1165w, https:\/\/lcendamo.aristeecampus.org\/wp-content\/uploads\/2025\/04\/word-image-889-7-300x189.png 300w, https:\/\/lcendamo.aristeecampus.org\/wp-content\/uploads\/2025\/04\/word-image-889-7-1024x645.png 1024w, https:\/\/lcendamo.aristeecampus.org\/wp-content\/uploads\/2025\/04\/word-image-889-7-768x484.png 768w\" sizes=\"(max-width: 1165px) 100vw, 1165px\" \/><\/p>\n<p>Pour finir, l\u2019utilitaire nous propose un r\u00e9capitulatif de la configuration\u00a0:<\/p>\n<p><img loading=\"lazy\" decoding=\"async\" width=\"1147\" height=\"734\" src=\"http:\/\/lcendamo.aristeecampus.org\/wp-content\/uploads\/2025\/04\/word-image-889-8.png\" class=\"wp-image-897\" srcset=\"https:\/\/lcendamo.aristeecampus.org\/wp-content\/uploads\/2025\/04\/word-image-889-8.png 1147w, https:\/\/lcendamo.aristeecampus.org\/wp-content\/uploads\/2025\/04\/word-image-889-8-300x192.png 300w, https:\/\/lcendamo.aristeecampus.org\/wp-content\/uploads\/2025\/04\/word-image-889-8-1024x655.png 1024w, https:\/\/lcendamo.aristeecampus.org\/wp-content\/uploads\/2025\/04\/word-image-889-8-768x491.png 768w\" sizes=\"(max-width: 1147px) 100vw, 1147px\" \/><\/p>\n<p>La VM va pouvoir \u00eatre lanc\u00e9e pour l\u2019installation de l\u2019OS\u00a0:<\/p>\n<p><img loading=\"lazy\" decoding=\"async\" width=\"1763\" height=\"677\" src=\"http:\/\/lcendamo.aristeecampus.org\/wp-content\/uploads\/2025\/04\/word-image-889-9.png\" class=\"wp-image-898\" srcset=\"https:\/\/lcendamo.aristeecampus.org\/wp-content\/uploads\/2025\/04\/word-image-889-9.png 1763w, https:\/\/lcendamo.aristeecampus.org\/wp-content\/uploads\/2025\/04\/word-image-889-9-300x115.png 300w, https:\/\/lcendamo.aristeecampus.org\/wp-content\/uploads\/2025\/04\/word-image-889-9-1024x393.png 1024w, https:\/\/lcendamo.aristeecampus.org\/wp-content\/uploads\/2025\/04\/word-image-889-9-768x295.png 768w, https:\/\/lcendamo.aristeecampus.org\/wp-content\/uploads\/2025\/04\/word-image-889-9-1536x590.png 1536w\" sizes=\"(max-width: 1763px) 100vw, 1763px\" \/><\/p>\n<p>Via la remote console, nous pouvons monter un iso contenant l\u2019os que nous voulons installer, ce sera Ubuntu.<\/p>\n<p>Une fois l\u2019ISO mont\u00e9, l\u2019installtion de Ubuntu se lance.<\/p>\n<p><img loading=\"lazy\" decoding=\"async\" width=\"962\" height=\"600\" src=\"http:\/\/lcendamo.aristeecampus.org\/wp-content\/uploads\/2025\/04\/word-image-889-10.png\" class=\"wp-image-899\" srcset=\"https:\/\/lcendamo.aristeecampus.org\/wp-content\/uploads\/2025\/04\/word-image-889-10.png 962w, https:\/\/lcendamo.aristeecampus.org\/wp-content\/uploads\/2025\/04\/word-image-889-10-300x187.png 300w, https:\/\/lcendamo.aristeecampus.org\/wp-content\/uploads\/2025\/04\/word-image-889-10-768x479.png 768w\" sizes=\"(max-width: 962px) 100vw, 962px\" \/><\/p>\n<p>Une fois l\u2019installation de l\u2019OS termin\u00e9e, la machine est pr\u00eate et pourras \u00eatre utilis\u00e9e\u00a0:<\/p>\n<p><img loading=\"lazy\" decoding=\"async\" width=\"1382\" height=\"644\" src=\"http:\/\/lcendamo.aristeecampus.org\/wp-content\/uploads\/2025\/04\/word-image-889-11.png\" class=\"wp-image-900\" srcset=\"https:\/\/lcendamo.aristeecampus.org\/wp-content\/uploads\/2025\/04\/word-image-889-11.png 1382w, https:\/\/lcendamo.aristeecampus.org\/wp-content\/uploads\/2025\/04\/word-image-889-11-300x140.png 300w, https:\/\/lcendamo.aristeecampus.org\/wp-content\/uploads\/2025\/04\/word-image-889-11-1024x477.png 1024w, https:\/\/lcendamo.aristeecampus.org\/wp-content\/uploads\/2025\/04\/word-image-889-11-768x358.png 768w\" sizes=\"(max-width: 1382px) 100vw, 1382px\" \/><\/p>\n","protected":false},"excerpt":{"rendered":"<p>Cr\u00e9ation d\u2019une VM sur vSphere Nous avons besoin d\u2019une nouvelle machine Linux sur le r\u00e9seau qui sera utilis\u00e9e pour Ansible. Pour ce faire, vSphere propose un utilitaire de cr\u00e9ation de machine virtuelle\u00a0: Tout d\u2019abord, il faut s\u00e9l\u00e9ctionner le dossier pour la machine, ainsi que lui donner un nom\u00a0: Ici, l\u2019utilitaire nous demande de selectionner le [&hellip;]<\/p>\n","protected":false},"author":1,"featured_media":0,"parent":0,"menu_order":0,"comment_status":"closed","ping_status":"closed","template":"","meta":{"saved_in_kubio":false,"footnotes":""},"class_list":["post-889","page","type-page","status-publish","hentry"],"kubio_ai_page_context":{"short_desc":"","purpose":"general"},"_links":{"self":[{"href":"https:\/\/lcendamo.aristeecampus.org\/index.php\/wp-json\/wp\/v2\/pages\/889","targetHints":{"allow":["GET"]}}],"collection":[{"href":"https:\/\/lcendamo.aristeecampus.org\/index.php\/wp-json\/wp\/v2\/pages"}],"about":[{"href":"https:\/\/lcendamo.aristeecampus.org\/index.php\/wp-json\/wp\/v2\/types\/page"}],"author":[{"embeddable":true,"href":"https:\/\/lcendamo.aristeecampus.org\/index.php\/wp-json\/wp\/v2\/users\/1"}],"replies":[{"embeddable":true,"href":"https:\/\/lcendamo.aristeecampus.org\/index.php\/wp-json\/wp\/v2\/comments?post=889"}],"version-history":[{"count":2,"href":"https:\/\/lcendamo.aristeecampus.org\/index.php\/wp-json\/wp\/v2\/pages\/889\/revisions"}],"predecessor-version":[{"id":903,"href":"https:\/\/lcendamo.aristeecampus.org\/index.php\/wp-json\/wp\/v2\/pages\/889\/revisions\/903"}],"wp:attachment":[{"href":"https:\/\/lcendamo.aristeecampus.org\/index.php\/wp-json\/wp\/v2\/media?parent=889"}],"curies":[{"name":"wp","href":"https:\/\/api.w.org\/{rel}","templated":true}]}}