{"id":997,"date":"2025-04-18T10:23:38","date_gmt":"2025-04-18T08:23:38","guid":{"rendered":"https:\/\/lcendamo.aristeecampus.org\/?page_id=997"},"modified":"2025-04-18T10:23:39","modified_gmt":"2025-04-18T08:23:39","slug":"brassage-reseau","status":"publish","type":"page","link":"http:\/\/lcendamo.aristeecampus.org\/index.php\/brassage-reseau\/","title":{"rendered":"Brassage reseau"},"content":{"rendered":"<p>Brassage r\u00e9seau<\/p>\n<p>Parfois,\u00a0les prises r\u00e9seaux ne sont pas correctement \u00e9tiquet\u00e9es, ou n\u2019en ont tout simplement pas.<\/p>\n<p>Pour pouvoir identifier \u00e0 quel port du patch panel sont reli\u00e9es ces prises, nous utilisons un outil de d\u00e9tection. Voici la proc\u00e9dure\u00a0:<\/p>\n<p>L\u2019outil est en deux partie\u00a0: un \u00e9metteur et un r\u00e9cepteur<br \/>\n  <img loading=\"lazy\" decoding=\"async\" width=\"800\" height=\"1325\" src=\"http:\/\/lcendamo.aristeecampus.org\/wp-content\/uploads\/2025\/04\/word-image-997-1.jpeg\" class=\"wp-image-998\" srcset=\"http:\/\/lcendamo.aristeecampus.org\/wp-content\/uploads\/2025\/04\/word-image-997-1.jpeg 800w, http:\/\/lcendamo.aristeecampus.org\/wp-content\/uploads\/2025\/04\/word-image-997-1-181x300.jpeg 181w, http:\/\/lcendamo.aristeecampus.org\/wp-content\/uploads\/2025\/04\/word-image-997-1-618x1024.jpeg 618w, http:\/\/lcendamo.aristeecampus.org\/wp-content\/uploads\/2025\/04\/word-image-997-1-768x1272.jpeg 768w, http:\/\/lcendamo.aristeecampus.org\/wp-content\/uploads\/2025\/04\/word-image-997-1-652x1080.jpeg 652w\" sizes=\"(max-width: 800px) 100vw, 800px\" \/><\/p>\n<p>Tout d\u2019abord, il faut brancher l\u2019\u00e9metteur sur la prise que nous voulons brasser, et tourner le bouton sur le mode d\u00e9tection\u00a0:<\/p>\n<p><img decoding=\"async\" alt=\"C:\\Users\\lcendamo\\Downloads\\IMG_20250418_094829 (1).jpg\" src=\"http:\/\/lcendamo.aristeecampus.org\/wp-content\/uploads\/2025\/04\/c-users-lcendamo-downloads-img_20250418_094829-1.jpeg\" class=\"wp-image-999\" \/><\/p>\n<p>Ensuite, sur le patch panel, prendre le deuxi\u00e8me outil, lui aussi en mode d\u00e9tection, et le mettre un par un dans chaque port. Lorsqu\u2019il sera dans le bon port, un son sera \u00e9mis par le r\u00e9cepteur, nous indiquant que nous sommes sur le port que nous cherchons\u00a0:<\/p>\n<p><img loading=\"lazy\" decoding=\"async\" width=\"1107\" height=\"1107\" alt=\"C:\\Users\\lcendamo\\Downloads\\IMG_20250418_095011.jpg\" src=\"http:\/\/lcendamo.aristeecampus.org\/wp-content\/uploads\/2025\/04\/c-users-lcendamo-downloads-img_20250418_095011-jp.jpeg\" class=\"wp-image-1000\" srcset=\"http:\/\/lcendamo.aristeecampus.org\/wp-content\/uploads\/2025\/04\/c-users-lcendamo-downloads-img_20250418_095011-jp.jpeg 1107w, http:\/\/lcendamo.aristeecampus.org\/wp-content\/uploads\/2025\/04\/c-users-lcendamo-downloads-img_20250418_095011-jp-300x300.jpeg 300w, http:\/\/lcendamo.aristeecampus.org\/wp-content\/uploads\/2025\/04\/c-users-lcendamo-downloads-img_20250418_095011-jp-1024x1024.jpeg 1024w, http:\/\/lcendamo.aristeecampus.org\/wp-content\/uploads\/2025\/04\/c-users-lcendamo-downloads-img_20250418_095011-jp-150x150.jpeg 150w, http:\/\/lcendamo.aristeecampus.org\/wp-content\/uploads\/2025\/04\/c-users-lcendamo-downloads-img_20250418_095011-jp-768x768.jpeg 768w, http:\/\/lcendamo.aristeecampus.org\/wp-content\/uploads\/2025\/04\/c-users-lcendamo-downloads-img_20250418_095011-jp-1080x1080.jpeg 1080w\" sizes=\"(max-width: 1107px) 100vw, 1107px\" \/><\/p>\n<p>Il ne reste alors plus qu\u2019\u00e0 brancher un c\u00e2ble depuis ce port, jusqu\u2019au switch\u00a0:<\/p>\n<p><img loading=\"lazy\" decoding=\"async\" width=\"688\" height=\"688\" alt=\"C:\\Users\\lcendamo\\Downloads\\IMG_20250418_095042.jpg\" src=\"http:\/\/lcendamo.aristeecampus.org\/wp-content\/uploads\/2025\/04\/c-users-lcendamo-downloads-img_20250418_095042-jp.jpeg\" class=\"wp-image-1001\" srcset=\"http:\/\/lcendamo.aristeecampus.org\/wp-content\/uploads\/2025\/04\/c-users-lcendamo-downloads-img_20250418_095042-jp.jpeg 688w, http:\/\/lcendamo.aristeecampus.org\/wp-content\/uploads\/2025\/04\/c-users-lcendamo-downloads-img_20250418_095042-jp-300x300.jpeg 300w, http:\/\/lcendamo.aristeecampus.org\/wp-content\/uploads\/2025\/04\/c-users-lcendamo-downloads-img_20250418_095042-jp-150x150.jpeg 150w\" sizes=\"(max-width: 688px) 100vw, 688px\" \/><br \/>\n  <img loading=\"lazy\" decoding=\"async\" width=\"695\" height=\"695\" alt=\"C:\\Users\\lcendamo\\Downloads\\IMG_20250418_095118.jpg\" src=\"http:\/\/lcendamo.aristeecampus.org\/wp-content\/uploads\/2025\/04\/c-users-lcendamo-downloads-img_20250418_095118-jp.jpeg\" class=\"wp-image-1002\" srcset=\"http:\/\/lcendamo.aristeecampus.org\/wp-content\/uploads\/2025\/04\/c-users-lcendamo-downloads-img_20250418_095118-jp.jpeg 695w, http:\/\/lcendamo.aristeecampus.org\/wp-content\/uploads\/2025\/04\/c-users-lcendamo-downloads-img_20250418_095118-jp-300x300.jpeg 300w, http:\/\/lcendamo.aristeecampus.org\/wp-content\/uploads\/2025\/04\/c-users-lcendamo-downloads-img_20250418_095118-jp-150x150.jpeg 150w\" sizes=\"(max-width: 695px) 100vw, 695px\" \/><\/p>\n<p>La prise r\u00e9seaux et maintenant brass\u00e9e, il ne restera plus qu\u2019\u00e0 configurer le port du switch sur le bon vlan.<\/p>\n","protected":false},"excerpt":{"rendered":"<p>Brassage r\u00e9seau Parfois,\u00a0les prises r\u00e9seaux ne sont pas correctement \u00e9tiquet\u00e9es, ou n\u2019en ont tout simplement pas. Pour pouvoir identifier \u00e0 quel port du patch panel sont reli\u00e9es ces prises, nous utilisons un outil de d\u00e9tection. Voici la proc\u00e9dure\u00a0: L\u2019outil est en deux partie\u00a0: un \u00e9metteur et un r\u00e9cepteur Tout d\u2019abord, il faut brancher l\u2019\u00e9metteur sur [&hellip;]<\/p>\n","protected":false},"author":1,"featured_media":0,"parent":0,"menu_order":0,"comment_status":"closed","ping_status":"closed","template":"","meta":{"saved_in_kubio":false,"footnotes":""},"class_list":["post-997","page","type-page","status-publish","hentry"],"kubio_ai_page_context":{"short_desc":"","purpose":"general"},"_links":{"self":[{"href":"http:\/\/lcendamo.aristeecampus.org\/index.php\/wp-json\/wp\/v2\/pages\/997","targetHints":{"allow":["GET"]}}],"collection":[{"href":"http:\/\/lcendamo.aristeecampus.org\/index.php\/wp-json\/wp\/v2\/pages"}],"about":[{"href":"http:\/\/lcendamo.aristeecampus.org\/index.php\/wp-json\/wp\/v2\/types\/page"}],"author":[{"embeddable":true,"href":"http:\/\/lcendamo.aristeecampus.org\/index.php\/wp-json\/wp\/v2\/users\/1"}],"replies":[{"embeddable":true,"href":"http:\/\/lcendamo.aristeecampus.org\/index.php\/wp-json\/wp\/v2\/comments?post=997"}],"version-history":[{"count":2,"href":"http:\/\/lcendamo.aristeecampus.org\/index.php\/wp-json\/wp\/v2\/pages\/997\/revisions"}],"predecessor-version":[{"id":1044,"href":"http:\/\/lcendamo.aristeecampus.org\/index.php\/wp-json\/wp\/v2\/pages\/997\/revisions\/1044"}],"wp:attachment":[{"href":"http:\/\/lcendamo.aristeecampus.org\/index.php\/wp-json\/wp\/v2\/media?parent=997"}],"curies":[{"name":"wp","href":"https:\/\/api.w.org\/{rel}","templated":true}]}}