{"id":958,"date":"2025-04-07T10:26:45","date_gmt":"2025-04-07T08:26:45","guid":{"rendered":"https:\/\/lcendamo.aristeecampus.org\/?page_id=958"},"modified":"2025-04-07T10:26:46","modified_gmt":"2025-04-07T08:26:46","slug":"installation-dun-serveur-zabbix","status":"publish","type":"page","link":"http:\/\/lcendamo.aristeecampus.org\/index.php\/installation-dun-serveur-zabbix\/","title":{"rendered":"Installation d&rsquo;un serveur Zabbix"},"content":{"rendered":"<p>Zabbix :<\/p>\n<p data-sourcepos=\"1:1-1:147\">Zabbix est un logiciel de supervision open source permettant de surveiller l&rsquo;\u00e9tat et les performances des infrastructures informatiques. Il offre :<\/p>\n<ul data-sourcepos=\"3:1-7:92\">\n<li data-sourcepos=\"3:1-3:61\">Une supervision compl\u00e8te (serveurs, r\u00e9seaux, applications).<\/li>\n<li data-sourcepos=\"4:1-4:51\">Des alertes et notifications en cas de probl\u00e8mes.<\/li>\n<li data-sourcepos=\"5:1-5:71\">Une visualisation des donn\u00e9es via des tableaux de bord et graphiques.<\/li>\n<li data-sourcepos=\"6:1-6:42\">Une grande flexibilit\u00e9 et extensibilit\u00e9.<\/li>\n<li data-sourcepos=\"7:1-7:92\">Un contr\u00f4le avec ou sans agent sur les syst\u00e8mes, et avec SNMP sur les \u00e9quipements r\u00e9seaux.<\/li>\n<\/ul>\n<p>Premi\u00e8rement, se rendre sur le site officiel, dans \u00ab\u00a0T\u00e9l\u00e9charger\u00a0\u00bb, \u00ab\u00a0Appliance Zabbix\u00a0\u00bb. Puis t\u00e9l\u00e9charger la version voulue\u00a0:<\/p>\n<p><img loading=\"lazy\" decoding=\"async\" width=\"1303\" height=\"816\" class=\"wp-image-959\" src=\"http:\/\/lcendamo.aristeecampus.org\/wp-content\/uploads\/2025\/04\/une-image-contenant-texte-capture-decran-logici-3.png\" alt=\"Une image contenant texte, capture d\u2019\u00e9cran, logiciel, Police\n\nDescription g\u00e9n\u00e9r\u00e9e automatiquement\" srcset=\"http:\/\/lcendamo.aristeecampus.org\/wp-content\/uploads\/2025\/04\/une-image-contenant-texte-capture-decran-logici-3.png 1303w, http:\/\/lcendamo.aristeecampus.org\/wp-content\/uploads\/2025\/04\/une-image-contenant-texte-capture-decran-logici-3-300x188.png 300w, http:\/\/lcendamo.aristeecampus.org\/wp-content\/uploads\/2025\/04\/une-image-contenant-texte-capture-decran-logici-3-1024x641.png 1024w, http:\/\/lcendamo.aristeecampus.org\/wp-content\/uploads\/2025\/04\/une-image-contenant-texte-capture-decran-logici-3-768x481.png 768w\" sizes=\"(max-width: 1303px) 100vw, 1303px\" \/><\/p>\n<p>Le t\u00e9l\u00e9chargement d\u2019un fichier OVF se lance, il faudra l\u2019ajouter sur son hyperviseur.<\/p>\n<p><img loading=\"lazy\" decoding=\"async\" width=\"728\" height=\"405\" class=\"wp-image-960\" src=\"http:\/\/lcendamo.aristeecampus.org\/wp-content\/uploads\/2025\/04\/une-image-contenant-texte-capture-decran-police-11.png\" alt=\"Une image contenant texte, capture d\u2019\u00e9cran, Police, noir et blanc\n\nDescription g\u00e9n\u00e9r\u00e9e automatiquement\" srcset=\"http:\/\/lcendamo.aristeecampus.org\/wp-content\/uploads\/2025\/04\/une-image-contenant-texte-capture-decran-police-11.png 728w, http:\/\/lcendamo.aristeecampus.org\/wp-content\/uploads\/2025\/04\/une-image-contenant-texte-capture-decran-police-11-300x167.png 300w\" sizes=\"(max-width: 728px) 100vw, 728px\" \/><\/p>\n<p>Apr\u00e8s un chargement, nous voici sur la page de login de la machine<\/p>\n<p><img loading=\"lazy\" decoding=\"async\" width=\"808\" height=\"606\" class=\"wp-image-961\" src=\"http:\/\/lcendamo.aristeecampus.org\/wp-content\/uploads\/2025\/04\/une-image-contenant-texte-capture-decran-descri-2.png\" alt=\"Une image contenant texte, capture d\u2019\u00e9cran\n\nDescription g\u00e9n\u00e9r\u00e9e automatiquement\" srcset=\"http:\/\/lcendamo.aristeecampus.org\/wp-content\/uploads\/2025\/04\/une-image-contenant-texte-capture-decran-descri-2.png 808w, http:\/\/lcendamo.aristeecampus.org\/wp-content\/uploads\/2025\/04\/une-image-contenant-texte-capture-decran-descri-2-300x225.png 300w, http:\/\/lcendamo.aristeecampus.org\/wp-content\/uploads\/2025\/04\/une-image-contenant-texte-capture-decran-descri-2-768x576.png 768w\" sizes=\"(max-width: 808px) 100vw, 808px\" \/><\/p>\n<p>Un lien vers un manuel se trouve sur la page de t\u00e9l\u00e9chargement.<\/p>\n<p><img loading=\"lazy\" decoding=\"async\" width=\"1218\" height=\"548\" class=\"wp-image-962\" src=\"http:\/\/lcendamo.aristeecampus.org\/wp-content\/uploads\/2025\/04\/une-image-contenant-texte-capture-decran-nombre-1.png\" alt=\"Une image contenant texte, capture d\u2019\u00e9cran, nombre, logiciel\n\nDescription g\u00e9n\u00e9r\u00e9e automatiquement\" srcset=\"http:\/\/lcendamo.aristeecampus.org\/wp-content\/uploads\/2025\/04\/une-image-contenant-texte-capture-decran-nombre-1.png 1218w, http:\/\/lcendamo.aristeecampus.org\/wp-content\/uploads\/2025\/04\/une-image-contenant-texte-capture-decran-nombre-1-300x135.png 300w, http:\/\/lcendamo.aristeecampus.org\/wp-content\/uploads\/2025\/04\/une-image-contenant-texte-capture-decran-nombre-1-1024x461.png 1024w, http:\/\/lcendamo.aristeecampus.org\/wp-content\/uploads\/2025\/04\/une-image-contenant-texte-capture-decran-nombre-1-768x346.png 768w\" sizes=\"(max-width: 1218px) 100vw, 1218px\" \/><\/p>\n<p>Diff\u00e9rentes informations utiles se trouve dedans, dont les Credentials dont nous avons besoin\u00a0:<\/p>\n<p><img loading=\"lazy\" decoding=\"async\" width=\"387\" height=\"302\" class=\"wp-image-963\" src=\"http:\/\/lcendamo.aristeecampus.org\/wp-content\/uploads\/2025\/04\/une-image-contenant-texte-capture-decran-police-12.png\" alt=\"Une image contenant texte, capture d\u2019\u00e9cran, Police\n\nDescription g\u00e9n\u00e9r\u00e9e automatiquement\" srcset=\"http:\/\/lcendamo.aristeecampus.org\/wp-content\/uploads\/2025\/04\/une-image-contenant-texte-capture-decran-police-12.png 387w, http:\/\/lcendamo.aristeecampus.org\/wp-content\/uploads\/2025\/04\/une-image-contenant-texte-capture-decran-police-12-300x234.png 300w\" sizes=\"(max-width: 387px) 100vw, 387px\" \/><\/p>\n<p>Nous nous connectons afin de r\u00e9cup\u00e9rer l\u2019Ip de la machine\u00a0:<\/p>\n<p><img loading=\"lazy\" decoding=\"async\" width=\"801\" height=\"586\" class=\"wp-image-964\" src=\"http:\/\/lcendamo.aristeecampus.org\/wp-content\/uploads\/2025\/04\/une-image-contenant-texte-capture-decran-police-13.png\" alt=\"Une image contenant texte, capture d\u2019\u00e9cran, Police\n\nDescription g\u00e9n\u00e9r\u00e9e automatiquement\" srcset=\"http:\/\/lcendamo.aristeecampus.org\/wp-content\/uploads\/2025\/04\/une-image-contenant-texte-capture-decran-police-13.png 801w, http:\/\/lcendamo.aristeecampus.org\/wp-content\/uploads\/2025\/04\/une-image-contenant-texte-capture-decran-police-13-300x219.png 300w, http:\/\/lcendamo.aristeecampus.org\/wp-content\/uploads\/2025\/04\/une-image-contenant-texte-capture-decran-police-13-768x562.png 768w\" sizes=\"(max-width: 801px) 100vw, 801px\" \/><\/p>\n<p>Nous tapons ensuite l\u2019IP de la machine sur un navigateur, afin d\u2019acc\u00e9der \u00e0 la console WEB\u00a0:<\/p>\n<p><img loading=\"lazy\" decoding=\"async\" width=\"460\" height=\"443\" class=\"wp-image-965\" src=\"http:\/\/lcendamo.aristeecampus.org\/wp-content\/uploads\/2025\/04\/une-image-contenant-texte-capture-decran-police-14.png\" alt=\"Une image contenant texte, capture d\u2019\u00e9cran, Police, nombre\n\nDescription g\u00e9n\u00e9r\u00e9e automatiquement\" srcset=\"http:\/\/lcendamo.aristeecampus.org\/wp-content\/uploads\/2025\/04\/une-image-contenant-texte-capture-decran-police-14.png 460w, http:\/\/lcendamo.aristeecampus.org\/wp-content\/uploads\/2025\/04\/une-image-contenant-texte-capture-decran-police-14-300x289.png 300w\" sizes=\"(max-width: 460px) 100vw, 460px\" \/><\/p>\n<p>Il faut ensuite rentrer les identifiants indiqu\u00e9s dans la doc (faire attention aux majuscules)<\/p>\n<p>Et nous arrivons enfin sur la console WEB\u00a0:<\/p>\n<p><img loading=\"lazy\" decoding=\"async\" width=\"1896\" height=\"906\" class=\"wp-image-966\" src=\"http:\/\/lcendamo.aristeecampus.org\/wp-content\/uploads\/2025\/04\/une-image-contenant-texte-capture-decran-logici-4.png\" alt=\"Une image contenant texte, capture d\u2019\u00e9cran, logiciel, carte\n\nDescription g\u00e9n\u00e9r\u00e9e automatiquement\" srcset=\"http:\/\/lcendamo.aristeecampus.org\/wp-content\/uploads\/2025\/04\/une-image-contenant-texte-capture-decran-logici-4.png 1896w, http:\/\/lcendamo.aristeecampus.org\/wp-content\/uploads\/2025\/04\/une-image-contenant-texte-capture-decran-logici-4-300x143.png 300w, http:\/\/lcendamo.aristeecampus.org\/wp-content\/uploads\/2025\/04\/une-image-contenant-texte-capture-decran-logici-4-1024x489.png 1024w, http:\/\/lcendamo.aristeecampus.org\/wp-content\/uploads\/2025\/04\/une-image-contenant-texte-capture-decran-logici-4-768x367.png 768w, http:\/\/lcendamo.aristeecampus.org\/wp-content\/uploads\/2025\/04\/une-image-contenant-texte-capture-decran-logici-4-1536x734.png 1536w\" sizes=\"(max-width: 1896px) 100vw, 1896px\" \/><\/p>\n<p>La premi\u00e8re chose \u00e0 faire est de changer le mot de passe pour des raisons de s\u00e9curit\u00e9, cela se fait depuis le menu \u00ab\u00a0User settings\u00a0\u00bb puis \u00ab\u00a0Change password\u00a0\u00bb<\/p>\n<p><img loading=\"lazy\" decoding=\"async\" width=\"178\" height=\"109\" class=\"wp-image-967\" src=\"http:\/\/lcendamo.aristeecampus.org\/wp-content\/uploads\/2025\/04\/une-image-contenant-texte-capture-decran-police-15.png\" alt=\"Une image contenant texte, capture d\u2019\u00e9cran, Police, nombre\n\nDescription g\u00e9n\u00e9r\u00e9e automatiquement\" \/> <img loading=\"lazy\" decoding=\"async\" width=\"744\" height=\"389\" class=\"wp-image-968\" src=\"http:\/\/lcendamo.aristeecampus.org\/wp-content\/uploads\/2025\/04\/une-image-contenant-texte-capture-decran-logici-5.png\" alt=\"Une image contenant texte, capture d\u2019\u00e9cran, logiciel, Ic\u00f4ne d\u2019ordinateur\n\nDescription g\u00e9n\u00e9r\u00e9e automatiquement\" srcset=\"http:\/\/lcendamo.aristeecampus.org\/wp-content\/uploads\/2025\/04\/une-image-contenant-texte-capture-decran-logici-5.png 744w, http:\/\/lcendamo.aristeecampus.org\/wp-content\/uploads\/2025\/04\/une-image-contenant-texte-capture-decran-logici-5-300x157.png 300w\" sizes=\"(max-width: 744px) 100vw, 744px\" \/><\/p>\n<p>Nous allons maintenant pouvoir ajouter des machines afin de les monitorer.<\/p>\n","protected":false},"excerpt":{"rendered":"<p>Zabbix : Zabbix est un logiciel de supervision open source permettant de surveiller l&rsquo;\u00e9tat et les performances des infrastructures informatiques. Il offre : Une supervision compl\u00e8te (serveurs, r\u00e9seaux, applications). Des alertes et notifications en cas de probl\u00e8mes. Une visualisation des donn\u00e9es via des tableaux de bord et graphiques. Une grande flexibilit\u00e9 et extensibilit\u00e9. Un contr\u00f4le [&hellip;]<\/p>\n","protected":false},"author":1,"featured_media":0,"parent":0,"menu_order":0,"comment_status":"closed","ping_status":"closed","template":"","meta":{"saved_in_kubio":false,"footnotes":""},"class_list":["post-958","page","type-page","status-publish","hentry"],"kubio_ai_page_context":{"short_desc":"","purpose":"general"},"_links":{"self":[{"href":"http:\/\/lcendamo.aristeecampus.org\/index.php\/wp-json\/wp\/v2\/pages\/958","targetHints":{"allow":["GET"]}}],"collection":[{"href":"http:\/\/lcendamo.aristeecampus.org\/index.php\/wp-json\/wp\/v2\/pages"}],"about":[{"href":"http:\/\/lcendamo.aristeecampus.org\/index.php\/wp-json\/wp\/v2\/types\/page"}],"author":[{"embeddable":true,"href":"http:\/\/lcendamo.aristeecampus.org\/index.php\/wp-json\/wp\/v2\/users\/1"}],"replies":[{"embeddable":true,"href":"http:\/\/lcendamo.aristeecampus.org\/index.php\/wp-json\/wp\/v2\/comments?post=958"}],"version-history":[{"count":1,"href":"http:\/\/lcendamo.aristeecampus.org\/index.php\/wp-json\/wp\/v2\/pages\/958\/revisions"}],"predecessor-version":[{"id":969,"href":"http:\/\/lcendamo.aristeecampus.org\/index.php\/wp-json\/wp\/v2\/pages\/958\/revisions\/969"}],"wp:attachment":[{"href":"http:\/\/lcendamo.aristeecampus.org\/index.php\/wp-json\/wp\/v2\/media?parent=958"}],"curies":[{"name":"wp","href":"https:\/\/api.w.org\/{rel}","templated":true}]}}