{"id":917,"date":"2025-04-07T10:19:44","date_gmt":"2025-04-07T08:19:44","guid":{"rendered":"https:\/\/lcendamo.aristeecampus.org\/?page_id=917"},"modified":"2025-04-07T10:19:45","modified_gmt":"2025-04-07T08:19:45","slug":"installation-dune-machine-debian-12","status":"publish","type":"page","link":"http:\/\/lcendamo.aristeecampus.org\/index.php\/installation-dune-machine-debian-12\/","title":{"rendered":"Installation d&rsquo;une machine Debian 12"},"content":{"rendered":"<p>DEBIAN 12<\/p>\n<p>Afin d\u2019installer Debian 12, il nous faut dans un premier temps l\u2019iso, disponible sur le site officiel.<\/p>\n<p>Il faut ensuite booter dessus avec notre hyperviseur, puis \u00ab\u00a0Install\u00a0\u00bb<\/p>\n<p><img loading=\"lazy\" decoding=\"async\" width=\"642\" height=\"482\" alt=\"Une image contenant texte, capture d\u2019\u00e9cran, Police, conception\n\nDescription g\u00e9n\u00e9r\u00e9e automatiquement\" src=\"http:\/\/lcendamo.aristeecampus.org\/wp-content\/uploads\/2025\/04\/une-image-contenant-texte-capture-decran-police.png\" class=\"wp-image-918\" srcset=\"http:\/\/lcendamo.aristeecampus.org\/wp-content\/uploads\/2025\/04\/une-image-contenant-texte-capture-decran-police.png 642w, http:\/\/lcendamo.aristeecampus.org\/wp-content\/uploads\/2025\/04\/une-image-contenant-texte-capture-decran-police-300x225.png 300w\" sizes=\"(max-width: 642px) 100vw, 642px\" \/><\/p>\n<p>Choisir Fran\u00e7ais pour les languages<\/p>\n<p><img loading=\"lazy\" decoding=\"async\" width=\"796\" height=\"600\" alt=\"Une image contenant texte, capture d\u2019\u00e9cran, affichage, nombre\n\nDescription g\u00e9n\u00e9r\u00e9e automatiquement\" src=\"http:\/\/lcendamo.aristeecampus.org\/wp-content\/uploads\/2025\/04\/une-image-contenant-texte-capture-decran-affich.png\" class=\"wp-image-919\" srcset=\"http:\/\/lcendamo.aristeecampus.org\/wp-content\/uploads\/2025\/04\/une-image-contenant-texte-capture-decran-affich.png 796w, http:\/\/lcendamo.aristeecampus.org\/wp-content\/uploads\/2025\/04\/une-image-contenant-texte-capture-decran-affich-300x226.png 300w, http:\/\/lcendamo.aristeecampus.org\/wp-content\/uploads\/2025\/04\/une-image-contenant-texte-capture-decran-affich-768x579.png 768w\" sizes=\"(max-width: 796px) 100vw, 796px\" \/><\/p>\n<p>L\u2019installation se lance\u00a0:<\/p>\n<p><img loading=\"lazy\" decoding=\"async\" width=\"809\" height=\"610\" alt=\"Une image contenant capture d\u2019\u00e9cran, texte, Rectangle, logiciel\n\nDescription g\u00e9n\u00e9r\u00e9e automatiquement\" src=\"http:\/\/lcendamo.aristeecampus.org\/wp-content\/uploads\/2025\/04\/une-image-contenant-capture-decran-texte-rectan.png\" class=\"wp-image-920\" srcset=\"http:\/\/lcendamo.aristeecampus.org\/wp-content\/uploads\/2025\/04\/une-image-contenant-capture-decran-texte-rectan.png 809w, http:\/\/lcendamo.aristeecampus.org\/wp-content\/uploads\/2025\/04\/une-image-contenant-capture-decran-texte-rectan-300x226.png 300w, http:\/\/lcendamo.aristeecampus.org\/wp-content\/uploads\/2025\/04\/une-image-contenant-capture-decran-texte-rectan-768x579.png 768w\" sizes=\"(max-width: 809px) 100vw, 809px\" \/><\/p>\n<p>Puis choisir le nom de la machine\u00a0:<\/p>\n<p><img loading=\"lazy\" decoding=\"async\" width=\"814\" height=\"608\" alt=\"Une image contenant texte, capture d\u2019\u00e9cran, affichage, logiciel\n\nDescription g\u00e9n\u00e9r\u00e9e automatiquement\" src=\"http:\/\/lcendamo.aristeecampus.org\/wp-content\/uploads\/2025\/04\/une-image-contenant-texte-capture-decran-affich-1.png\" class=\"wp-image-921\" srcset=\"http:\/\/lcendamo.aristeecampus.org\/wp-content\/uploads\/2025\/04\/une-image-contenant-texte-capture-decran-affich-1.png 814w, http:\/\/lcendamo.aristeecampus.org\/wp-content\/uploads\/2025\/04\/une-image-contenant-texte-capture-decran-affich-1-300x224.png 300w, http:\/\/lcendamo.aristeecampus.org\/wp-content\/uploads\/2025\/04\/une-image-contenant-texte-capture-decran-affich-1-768x574.png 768w\" sizes=\"(max-width: 814px) 100vw, 814px\" \/><\/p>\n<p>Puis le domaine\u00a0:<\/p>\n<p><img loading=\"lazy\" decoding=\"async\" width=\"789\" height=\"456\" alt=\"Une image contenant texte, capture d\u2019\u00e9cran, logiciel, affichage\n\nDescription g\u00e9n\u00e9r\u00e9e automatiquement\" src=\"http:\/\/lcendamo.aristeecampus.org\/wp-content\/uploads\/2025\/04\/une-image-contenant-texte-capture-decran-logici.png\" class=\"wp-image-922\" srcset=\"http:\/\/lcendamo.aristeecampus.org\/wp-content\/uploads\/2025\/04\/une-image-contenant-texte-capture-decran-logici.png 789w, http:\/\/lcendamo.aristeecampus.org\/wp-content\/uploads\/2025\/04\/une-image-contenant-texte-capture-decran-logici-300x173.png 300w, http:\/\/lcendamo.aristeecampus.org\/wp-content\/uploads\/2025\/04\/une-image-contenant-texte-capture-decran-logici-768x444.png 768w\" sizes=\"(max-width: 789px) 100vw, 789px\" \/><\/p>\n<p>Ensuite, il faut cr\u00e9er le mot de passe pour le super utilisateur \u00ab\u00a0root\u00a0\u00bb<\/p>\n<p><img loading=\"lazy\" decoding=\"async\" width=\"762\" height=\"429\" alt=\"Une image contenant texte, Appareils \u00e9lectroniques, capture d\u2019\u00e9cran, affichage\n\nDescription g\u00e9n\u00e9r\u00e9e automatiquement\" src=\"http:\/\/lcendamo.aristeecampus.org\/wp-content\/uploads\/2025\/04\/une-image-contenant-texte-appareils-electroniques.png\" class=\"wp-image-923\" srcset=\"http:\/\/lcendamo.aristeecampus.org\/wp-content\/uploads\/2025\/04\/une-image-contenant-texte-appareils-electroniques.png 762w, http:\/\/lcendamo.aristeecampus.org\/wp-content\/uploads\/2025\/04\/une-image-contenant-texte-appareils-electroniques-300x169.png 300w\" sizes=\"(max-width: 762px) 100vw, 762px\" \/><\/p>\n<p>Il faudra ensuite cr\u00e9er un utilisateur\u00a0:<\/p>\n<p>D\u2019abord le nom complet<\/p>\n<p><img loading=\"lazy\" decoding=\"async\" width=\"737\" height=\"300\" alt=\"Une image contenant texte, Appareils \u00e9lectroniques, capture d\u2019\u00e9cran, affichage\n\nDescription g\u00e9n\u00e9r\u00e9e automatiquement\" src=\"http:\/\/lcendamo.aristeecampus.org\/wp-content\/uploads\/2025\/04\/une-image-contenant-texte-appareils-electroniques-1.png\" class=\"wp-image-924\" srcset=\"http:\/\/lcendamo.aristeecampus.org\/wp-content\/uploads\/2025\/04\/une-image-contenant-texte-appareils-electroniques-1.png 737w, http:\/\/lcendamo.aristeecampus.org\/wp-content\/uploads\/2025\/04\/une-image-contenant-texte-appareils-electroniques-1-300x122.png 300w\" sizes=\"(max-width: 737px) 100vw, 737px\" \/><\/p>\n<p>Puis l\u2019identifiant de connexion et le mot de passe\u00a0:<\/p>\n<p><img loading=\"lazy\" decoding=\"async\" width=\"772\" height=\"249\" alt=\"Une image contenant texte, capture d\u2019\u00e9cran, Police, logiciel\n\nDescription g\u00e9n\u00e9r\u00e9e automatiquement\" src=\"http:\/\/lcendamo.aristeecampus.org\/wp-content\/uploads\/2025\/04\/une-image-contenant-texte-capture-decran-police-1.png\" class=\"wp-image-925\" srcset=\"http:\/\/lcendamo.aristeecampus.org\/wp-content\/uploads\/2025\/04\/une-image-contenant-texte-capture-decran-police-1.png 772w, http:\/\/lcendamo.aristeecampus.org\/wp-content\/uploads\/2025\/04\/une-image-contenant-texte-capture-decran-police-1-300x97.png 300w, http:\/\/lcendamo.aristeecampus.org\/wp-content\/uploads\/2025\/04\/une-image-contenant-texte-capture-decran-police-1-768x248.png 768w\" sizes=\"(max-width: 772px) 100vw, 772px\" \/><\/p>\n<p><img loading=\"lazy\" decoding=\"async\" width=\"755\" height=\"240\" alt=\"Une image contenant texte, capture d\u2019\u00e9cran, affichage, Police\n\nDescription g\u00e9n\u00e9r\u00e9e automatiquement\" src=\"http:\/\/lcendamo.aristeecampus.org\/wp-content\/uploads\/2025\/04\/une-image-contenant-texte-capture-decran-affich-2.png\" class=\"wp-image-926\" srcset=\"http:\/\/lcendamo.aristeecampus.org\/wp-content\/uploads\/2025\/04\/une-image-contenant-texte-capture-decran-affich-2.png 755w, http:\/\/lcendamo.aristeecampus.org\/wp-content\/uploads\/2025\/04\/une-image-contenant-texte-capture-decran-affich-2-300x95.png 300w\" sizes=\"(max-width: 755px) 100vw, 755px\" \/><\/p>\n<p>Puis l\u2019outil de partitionnement se lance, laisser les options par d\u00e9fauts\u00a0:<\/p>\n<p><img loading=\"lazy\" decoding=\"async\" width=\"773\" height=\"351\" alt=\"Une image contenant texte, capture d\u2019\u00e9cran, affichage, logiciel\n\nDescription g\u00e9n\u00e9r\u00e9e automatiquement\" src=\"http:\/\/lcendamo.aristeecampus.org\/wp-content\/uploads\/2025\/04\/une-image-contenant-texte-capture-decran-affich-3.png\" class=\"wp-image-927\" srcset=\"http:\/\/lcendamo.aristeecampus.org\/wp-content\/uploads\/2025\/04\/une-image-contenant-texte-capture-decran-affich-3.png 773w, http:\/\/lcendamo.aristeecampus.org\/wp-content\/uploads\/2025\/04\/une-image-contenant-texte-capture-decran-affich-3-300x136.png 300w, http:\/\/lcendamo.aristeecampus.org\/wp-content\/uploads\/2025\/04\/une-image-contenant-texte-capture-decran-affich-3-768x349.png 768w\" sizes=\"(max-width: 773px) 100vw, 773px\" \/><\/p>\n<p><img loading=\"lazy\" decoding=\"async\" width=\"777\" height=\"216\" alt=\"Une image contenant texte, capture d\u2019\u00e9cran, Police, logiciel\n\nDescription g\u00e9n\u00e9r\u00e9e automatiquement\" src=\"http:\/\/lcendamo.aristeecampus.org\/wp-content\/uploads\/2025\/04\/une-image-contenant-texte-capture-decran-police-2.png\" class=\"wp-image-928\" srcset=\"http:\/\/lcendamo.aristeecampus.org\/wp-content\/uploads\/2025\/04\/une-image-contenant-texte-capture-decran-police-2.png 777w, http:\/\/lcendamo.aristeecampus.org\/wp-content\/uploads\/2025\/04\/une-image-contenant-texte-capture-decran-police-2-300x83.png 300w, http:\/\/lcendamo.aristeecampus.org\/wp-content\/uploads\/2025\/04\/une-image-contenant-texte-capture-decran-police-2-768x213.png 768w\" sizes=\"(max-width: 777px) 100vw, 777px\" \/><\/p>\n<p><img loading=\"lazy\" decoding=\"async\" width=\"773\" height=\"309\" alt=\"Une image contenant texte, Appareils \u00e9lectroniques, capture d\u2019\u00e9cran, affichage\n\nDescription g\u00e9n\u00e9r\u00e9e automatiquement\" src=\"http:\/\/lcendamo.aristeecampus.org\/wp-content\/uploads\/2025\/04\/une-image-contenant-texte-appareils-electroniques-2.png\" class=\"wp-image-929\" srcset=\"http:\/\/lcendamo.aristeecampus.org\/wp-content\/uploads\/2025\/04\/une-image-contenant-texte-appareils-electroniques-2.png 773w, http:\/\/lcendamo.aristeecampus.org\/wp-content\/uploads\/2025\/04\/une-image-contenant-texte-appareils-electroniques-2-300x120.png 300w, http:\/\/lcendamo.aristeecampus.org\/wp-content\/uploads\/2025\/04\/une-image-contenant-texte-appareils-electroniques-2-768x307.png 768w\" sizes=\"(max-width: 773px) 100vw, 773px\" \/><\/p>\n<p><img loading=\"lazy\" decoding=\"async\" width=\"778\" height=\"394\" alt=\"Une image contenant texte, Appareils \u00e9lectroniques, capture d\u2019\u00e9cran, affichage\n\nDescription g\u00e9n\u00e9r\u00e9e automatiquement\" src=\"http:\/\/lcendamo.aristeecampus.org\/wp-content\/uploads\/2025\/04\/une-image-contenant-texte-appareils-electroniques-3.png\" class=\"wp-image-930\" srcset=\"http:\/\/lcendamo.aristeecampus.org\/wp-content\/uploads\/2025\/04\/une-image-contenant-texte-appareils-electroniques-3.png 778w, http:\/\/lcendamo.aristeecampus.org\/wp-content\/uploads\/2025\/04\/une-image-contenant-texte-appareils-electroniques-3-300x152.png 300w, http:\/\/lcendamo.aristeecampus.org\/wp-content\/uploads\/2025\/04\/une-image-contenant-texte-appareils-electroniques-3-768x389.png 768w\" sizes=\"(max-width: 778px) 100vw, 778px\" \/><\/p>\n<p>Enfin, s\u00e9lectionner \u00ab\u00a0oui\u00a0\u00bb pour appliquer les changements<\/p>\n<p><img loading=\"lazy\" decoding=\"async\" width=\"751\" height=\"300\" alt=\"Une image contenant texte, capture d\u2019\u00e9cran, affichage, logiciel\n\nDescription g\u00e9n\u00e9r\u00e9e automatiquement\" src=\"http:\/\/lcendamo.aristeecampus.org\/wp-content\/uploads\/2025\/04\/une-image-contenant-texte-capture-decran-affich-4.png\" class=\"wp-image-931\" srcset=\"http:\/\/lcendamo.aristeecampus.org\/wp-content\/uploads\/2025\/04\/une-image-contenant-texte-capture-decran-affich-4.png 751w, http:\/\/lcendamo.aristeecampus.org\/wp-content\/uploads\/2025\/04\/une-image-contenant-texte-capture-decran-affich-4-300x120.png 300w\" sizes=\"(max-width: 751px) 100vw, 751px\" \/><\/p>\n<p>L\u2019installation continue<\/p>\n<p><img loading=\"lazy\" decoding=\"async\" width=\"779\" height=\"135\" alt=\"Une image contenant texte, capture d\u2019\u00e9cran, Police, ligne\n\nDescription g\u00e9n\u00e9r\u00e9e automatiquement\" src=\"http:\/\/lcendamo.aristeecampus.org\/wp-content\/uploads\/2025\/04\/une-image-contenant-texte-capture-decran-police-3.png\" class=\"wp-image-932\" srcset=\"http:\/\/lcendamo.aristeecampus.org\/wp-content\/uploads\/2025\/04\/une-image-contenant-texte-capture-decran-police-3.png 779w, http:\/\/lcendamo.aristeecampus.org\/wp-content\/uploads\/2025\/04\/une-image-contenant-texte-capture-decran-police-3-300x52.png 300w, http:\/\/lcendamo.aristeecampus.org\/wp-content\/uploads\/2025\/04\/une-image-contenant-texte-capture-decran-police-3-768x133.png 768w\" sizes=\"(max-width: 779px) 100vw, 779px\" \/><\/p>\n<p>Choisir non\u00a0:<\/p>\n<p><img loading=\"lazy\" decoding=\"async\" width=\"750\" height=\"295\" alt=\"Une image contenant texte, capture d\u2019\u00e9cran, affichage, logiciel\n\nDescription g\u00e9n\u00e9r\u00e9e automatiquement\" src=\"http:\/\/lcendamo.aristeecampus.org\/wp-content\/uploads\/2025\/04\/une-image-contenant-texte-capture-decran-affich-5.png\" class=\"wp-image-933\" srcset=\"http:\/\/lcendamo.aristeecampus.org\/wp-content\/uploads\/2025\/04\/une-image-contenant-texte-capture-decran-affich-5.png 750w, http:\/\/lcendamo.aristeecampus.org\/wp-content\/uploads\/2025\/04\/une-image-contenant-texte-capture-decran-affich-5-300x118.png 300w\" sizes=\"(max-width: 750px) 100vw, 750px\" \/><\/p>\n<p>Puis laisser les options par d\u00e9faut\u00a0:<\/p>\n<p><img loading=\"lazy\" decoding=\"async\" width=\"773\" height=\"568\" alt=\"Une image contenant texte, capture d\u2019\u00e9cran, logiciel, affichage\n\nDescription g\u00e9n\u00e9r\u00e9e automatiquement\" src=\"http:\/\/lcendamo.aristeecampus.org\/wp-content\/uploads\/2025\/04\/une-image-contenant-texte-capture-decran-logici-1.png\" class=\"wp-image-934\" srcset=\"http:\/\/lcendamo.aristeecampus.org\/wp-content\/uploads\/2025\/04\/une-image-contenant-texte-capture-decran-logici-1.png 773w, http:\/\/lcendamo.aristeecampus.org\/wp-content\/uploads\/2025\/04\/une-image-contenant-texte-capture-decran-logici-1-300x220.png 300w, http:\/\/lcendamo.aristeecampus.org\/wp-content\/uploads\/2025\/04\/une-image-contenant-texte-capture-decran-logici-1-768x564.png 768w\" sizes=\"(max-width: 773px) 100vw, 773px\" \/><\/p>\n<p><img loading=\"lazy\" decoding=\"async\" width=\"771\" height=\"558\" alt=\"Une image contenant texte, capture d\u2019\u00e9cran, logiciel, Page web\n\nDescription g\u00e9n\u00e9r\u00e9e automatiquement\" src=\"http:\/\/lcendamo.aristeecampus.org\/wp-content\/uploads\/2025\/04\/une-image-contenant-texte-capture-decran-logici-2.png\" class=\"wp-image-935\" srcset=\"http:\/\/lcendamo.aristeecampus.org\/wp-content\/uploads\/2025\/04\/une-image-contenant-texte-capture-decran-logici-2.png 771w, http:\/\/lcendamo.aristeecampus.org\/wp-content\/uploads\/2025\/04\/une-image-contenant-texte-capture-decran-logici-2-300x217.png 300w, http:\/\/lcendamo.aristeecampus.org\/wp-content\/uploads\/2025\/04\/une-image-contenant-texte-capture-decran-logici-2-768x556.png 768w\" sizes=\"(max-width: 771px) 100vw, 771px\" \/><\/p>\n<p>Choisr non\u00a0:<\/p>\n<p><img loading=\"lazy\" decoding=\"async\" width=\"750\" height=\"305\" alt=\"Une image contenant texte, Appareils \u00e9lectroniques, capture d\u2019\u00e9cran, affichage\n\nDescription g\u00e9n\u00e9r\u00e9e automatiquement\" src=\"http:\/\/lcendamo.aristeecampus.org\/wp-content\/uploads\/2025\/04\/une-image-contenant-texte-appareils-electroniques-4.png\" class=\"wp-image-936\" srcset=\"http:\/\/lcendamo.aristeecampus.org\/wp-content\/uploads\/2025\/04\/une-image-contenant-texte-appareils-electroniques-4.png 750w, http:\/\/lcendamo.aristeecampus.org\/wp-content\/uploads\/2025\/04\/une-image-contenant-texte-appareils-electroniques-4-300x122.png 300w\" sizes=\"(max-width: 750px) 100vw, 750px\" \/><\/p>\n<p>S\u00e9lectionner uniquement les deux derni\u00e8res options. Serveur SSH sera utile pour prendre la main sur la machine via SSH avec Putty.<\/p>\n<p><img loading=\"lazy\" decoding=\"async\" width=\"773\" height=\"407\" alt=\"Une image contenant texte, Appareils \u00e9lectroniques, affichage, capture d\u2019\u00e9cran\n\nDescription g\u00e9n\u00e9r\u00e9e automatiquement\" src=\"http:\/\/lcendamo.aristeecampus.org\/wp-content\/uploads\/2025\/04\/une-image-contenant-texte-appareils-electroniques-5.png\" class=\"wp-image-937\" srcset=\"http:\/\/lcendamo.aristeecampus.org\/wp-content\/uploads\/2025\/04\/une-image-contenant-texte-appareils-electroniques-5.png 773w, http:\/\/lcendamo.aristeecampus.org\/wp-content\/uploads\/2025\/04\/une-image-contenant-texte-appareils-electroniques-5-300x158.png 300w, http:\/\/lcendamo.aristeecampus.org\/wp-content\/uploads\/2025\/04\/une-image-contenant-texte-appareils-electroniques-5-768x404.png 768w\" sizes=\"(max-width: 773px) 100vw, 773px\" \/><\/p>\n<p>S\u00e9lectionner oui\u00a0:<\/p>\n<p><img loading=\"lazy\" decoding=\"async\" width=\"760\" height=\"271\" alt=\"Une image contenant texte, capture d\u2019\u00e9cran, affichage, Police\n\nDescription g\u00e9n\u00e9r\u00e9e automatiquement\" src=\"http:\/\/lcendamo.aristeecampus.org\/wp-content\/uploads\/2025\/04\/une-image-contenant-texte-capture-decran-affich-6.png\" class=\"wp-image-938\" srcset=\"http:\/\/lcendamo.aristeecampus.org\/wp-content\/uploads\/2025\/04\/une-image-contenant-texte-capture-decran-affich-6.png 760w, http:\/\/lcendamo.aristeecampus.org\/wp-content\/uploads\/2025\/04\/une-image-contenant-texte-capture-decran-affich-6-300x107.png 300w\" sizes=\"(max-width: 760px) 100vw, 760px\" \/><\/p>\n<p>S\u00e9lectionner le disque\u00a0:<\/p>\n<p><img loading=\"lazy\" decoding=\"async\" width=\"774\" height=\"281\" alt=\"Une image contenant texte, capture d\u2019\u00e9cran, affichage, Police\n\nDescription g\u00e9n\u00e9r\u00e9e automatiquement\" src=\"http:\/\/lcendamo.aristeecampus.org\/wp-content\/uploads\/2025\/04\/une-image-contenant-texte-capture-decran-affich-7.png\" class=\"wp-image-939\" srcset=\"http:\/\/lcendamo.aristeecampus.org\/wp-content\/uploads\/2025\/04\/une-image-contenant-texte-capture-decran-affich-7.png 774w, http:\/\/lcendamo.aristeecampus.org\/wp-content\/uploads\/2025\/04\/une-image-contenant-texte-capture-decran-affich-7-300x109.png 300w, http:\/\/lcendamo.aristeecampus.org\/wp-content\/uploads\/2025\/04\/une-image-contenant-texte-capture-decran-affich-7-768x279.png 768w\" sizes=\"(max-width: 774px) 100vw, 774px\" \/><\/p>\n<p>L\u2019installation est termin\u00e9e, nous allons pouvoir d\u00e9marrer la machine\u00a0:<\/p>\n<p><img loading=\"lazy\" decoding=\"async\" width=\"755\" height=\"198\" alt=\"Une image contenant texte, Appareils \u00e9lectroniques, capture d\u2019\u00e9cran, affichage\n\nDescription g\u00e9n\u00e9r\u00e9e automatiquement\" src=\"http:\/\/lcendamo.aristeecampus.org\/wp-content\/uploads\/2025\/04\/une-image-contenant-texte-appareils-electroniques-6.png\" class=\"wp-image-940\" srcset=\"http:\/\/lcendamo.aristeecampus.org\/wp-content\/uploads\/2025\/04\/une-image-contenant-texte-appareils-electroniques-6.png 755w, http:\/\/lcendamo.aristeecampus.org\/wp-content\/uploads\/2025\/04\/une-image-contenant-texte-appareils-electroniques-6-300x79.png 300w\" sizes=\"(max-width: 755px) 100vw, 755px\" \/><\/p>\n<p>La machine a d\u00e9marr\u00e9e, et est pr\u00eate \u00e0 \u00eatre utilis\u00e9e.<\/p>\n<p><img loading=\"lazy\" decoding=\"async\" width=\"817\" height=\"183\" alt=\"Une image contenant texte, capture d\u2019\u00e9cran, noir, Police\n\nDescription g\u00e9n\u00e9r\u00e9e automatiquement\" src=\"http:\/\/lcendamo.aristeecampus.org\/wp-content\/uploads\/2025\/04\/une-image-contenant-texte-capture-decran-noir.png\" class=\"wp-image-941\" srcset=\"http:\/\/lcendamo.aristeecampus.org\/wp-content\/uploads\/2025\/04\/une-image-contenant-texte-capture-decran-noir.png 817w, http:\/\/lcendamo.aristeecampus.org\/wp-content\/uploads\/2025\/04\/une-image-contenant-texte-capture-decran-noir-300x67.png 300w, http:\/\/lcendamo.aristeecampus.org\/wp-content\/uploads\/2025\/04\/une-image-contenant-texte-capture-decran-noir-768x172.png 768w\" sizes=\"(max-width: 817px) 100vw, 817px\" \/><\/p>\n","protected":false},"excerpt":{"rendered":"<p>DEBIAN 12 Afin d\u2019installer Debian 12, il nous faut dans un premier temps l\u2019iso, disponible sur le site officiel. Il faut ensuite booter dessus avec notre hyperviseur, puis \u00ab\u00a0Install\u00a0\u00bb Choisir Fran\u00e7ais pour les languages L\u2019installation se lance\u00a0: Puis choisir le nom de la machine\u00a0: Puis le domaine\u00a0: Ensuite, il faut cr\u00e9er le mot de passe [&hellip;]<\/p>\n","protected":false},"author":1,"featured_media":0,"parent":0,"menu_order":0,"comment_status":"closed","ping_status":"closed","template":"","meta":{"saved_in_kubio":false,"footnotes":""},"class_list":["post-917","page","type-page","status-publish","hentry"],"kubio_ai_page_context":{"short_desc":"","purpose":"general"},"_links":{"self":[{"href":"http:\/\/lcendamo.aristeecampus.org\/index.php\/wp-json\/wp\/v2\/pages\/917","targetHints":{"allow":["GET"]}}],"collection":[{"href":"http:\/\/lcendamo.aristeecampus.org\/index.php\/wp-json\/wp\/v2\/pages"}],"about":[{"href":"http:\/\/lcendamo.aristeecampus.org\/index.php\/wp-json\/wp\/v2\/types\/page"}],"author":[{"embeddable":true,"href":"http:\/\/lcendamo.aristeecampus.org\/index.php\/wp-json\/wp\/v2\/users\/1"}],"replies":[{"embeddable":true,"href":"http:\/\/lcendamo.aristeecampus.org\/index.php\/wp-json\/wp\/v2\/comments?post=917"}],"version-history":[{"count":1,"href":"http:\/\/lcendamo.aristeecampus.org\/index.php\/wp-json\/wp\/v2\/pages\/917\/revisions"}],"predecessor-version":[{"id":942,"href":"http:\/\/lcendamo.aristeecampus.org\/index.php\/wp-json\/wp\/v2\/pages\/917\/revisions\/942"}],"wp:attachment":[{"href":"http:\/\/lcendamo.aristeecampus.org\/index.php\/wp-json\/wp\/v2\/media?parent=917"}],"curies":[{"name":"wp","href":"https:\/\/api.w.org\/{rel}","templated":true}]}}