{"id":827,"date":"2025-03-14T08:45:29","date_gmt":"2025-03-14T07:45:29","guid":{"rendered":"https:\/\/lcendamo.aristeecampus.org\/?page_id=827"},"modified":"2025-03-14T08:46:15","modified_gmt":"2025-03-14T07:46:15","slug":"mise-en-place-de-serveurs-wsus","status":"publish","type":"page","link":"http:\/\/lcendamo.aristeecampus.org\/index.php\/mise-en-place-de-serveurs-wsus\/","title":{"rendered":"Mise en place de serveurs WSUS"},"content":{"rendered":"<p><strong>Mise en place de serveurs WSUS<\/strong><\/p>\n<p>&nbsp;<\/p>\n<p>&nbsp;<\/p>\n<p>&nbsp;<\/p>\n<p>Afin de palier \u00e0 des probl\u00e8mes de d\u00e9bits de connexion internet, il a \u00e9t\u00e9 d\u00e9cider de mettre en place un serveur WSUS (Windows Server Update Services).<\/p>\n<p>Ce r\u00f4le permet de centraliser le t\u00e9l\u00e9chargement des mises \u00e0 jour sur une seule machine qui va t\u00e9l\u00e9charger les mises \u00e0 jours n\u00e9cessaire depuis internet, les stocker puis les mettre \u00e0 disposition des machines du r\u00e9seau, via le r\u00e9seau local. Cela permet donc de lib\u00e9rer de la bande passantes car les mises \u00e0 jour ne seront t\u00e9l\u00e9charg\u00e9e qu\u2019une seule fois depuis internet.<\/p>\n<p>Il y aura deux Serveurs WSUS, un pour les machines utilisateurs et un pour les serveurs.<\/p>\n<p>La premi\u00e8re \u00e9tape, est de cr\u00e9er deux nouvelles machines virtuelles sur vSphere.<br \/>\nPuis d\u2019installer Windows Serveur sur les machines.<\/p>\n<p>Enfin, il faudra ajouter le r\u00f4le Services WSUS<\/p>\n<p><img loading=\"lazy\" decoding=\"async\" width=\"784\" height=\"558\" class=\"wp-image-828\" src=\"http:\/\/lcendamo.aristeecampus.org\/wp-content\/uploads\/2025\/03\/word-image-827-1.png\" srcset=\"http:\/\/lcendamo.aristeecampus.org\/wp-content\/uploads\/2025\/03\/word-image-827-1.png 784w, http:\/\/lcendamo.aristeecampus.org\/wp-content\/uploads\/2025\/03\/word-image-827-1-300x214.png 300w, http:\/\/lcendamo.aristeecampus.org\/wp-content\/uploads\/2025\/03\/word-image-827-1-768x547.png 768w\" sizes=\"(max-width: 784px) 100vw, 784px\" \/><\/p>\n<p>Une fois fait, un nouvel outil est disponible\u00a0: Services WSUS<\/p>\n<p><img loading=\"lazy\" decoding=\"async\" width=\"435\" height=\"521\" class=\"wp-image-829\" src=\"http:\/\/lcendamo.aristeecampus.org\/wp-content\/uploads\/2025\/03\/word-image-827-2.png\" srcset=\"http:\/\/lcendamo.aristeecampus.org\/wp-content\/uploads\/2025\/03\/word-image-827-2.png 435w, http:\/\/lcendamo.aristeecampus.org\/wp-content\/uploads\/2025\/03\/word-image-827-2-250x300.png 250w\" sizes=\"(max-width: 435px) 100vw, 435px\" \/><\/p>\n<p>Cette outils va nous permettre de g\u00e9rer le serveur WSUS.<\/p>\n<p>Lors du premier lancement, un assistant d\u2019installation nous demande de s\u00e9lectionner quelles mise \u00e0 jour devront \u00eatre t\u00e9l\u00e9charger. Nous s\u00e9lectionnons les syst\u00e8mes d\u2019exploitation ainsi que les diff\u00e9rentes mises \u00e0 jours logiciels de microsoft (office, powershell\u2026) utilis\u00e9s par les PC utilisateurs sur le 1<sup>er<\/sup> serveur\u00a0:<\/p>\n<p><img loading=\"lazy\" decoding=\"async\" width=\"460\" height=\"514\" class=\"wp-image-830\" src=\"http:\/\/lcendamo.aristeecampus.org\/wp-content\/uploads\/2025\/03\/word-image-827-3.png\" srcset=\"http:\/\/lcendamo.aristeecampus.org\/wp-content\/uploads\/2025\/03\/word-image-827-3.png 460w, http:\/\/lcendamo.aristeecampus.org\/wp-content\/uploads\/2025\/03\/word-image-827-3-268x300.png 268w\" sizes=\"(max-width: 460px) 100vw, 460px\" \/><\/p>\n<p>M\u00eame chose sur le second serveur, sauf que nous s\u00e9lectionnons les mises \u00e0 jour pour les OS serveurs\u00a0:<\/p>\n<p><img loading=\"lazy\" decoding=\"async\" width=\"458\" height=\"517\" class=\"wp-image-831\" src=\"http:\/\/lcendamo.aristeecampus.org\/wp-content\/uploads\/2025\/03\/word-image-827-4.png\" srcset=\"http:\/\/lcendamo.aristeecampus.org\/wp-content\/uploads\/2025\/03\/word-image-827-4.png 458w, http:\/\/lcendamo.aristeecampus.org\/wp-content\/uploads\/2025\/03\/word-image-827-4-266x300.png 266w\" sizes=\"(max-width: 458px) 100vw, 458px\" \/><\/p>\n<p>Une fois cela fait, nous allons pouvoir lancer la synchronisation.<\/p>\n<p><img loading=\"lazy\" decoding=\"async\" width=\"900\" height=\"455\" class=\"wp-image-832\" src=\"http:\/\/lcendamo.aristeecampus.org\/wp-content\/uploads\/2025\/03\/word-image-827-5.png\" srcset=\"http:\/\/lcendamo.aristeecampus.org\/wp-content\/uploads\/2025\/03\/word-image-827-5.png 900w, http:\/\/lcendamo.aristeecampus.org\/wp-content\/uploads\/2025\/03\/word-image-827-5-300x152.png 300w, http:\/\/lcendamo.aristeecampus.org\/wp-content\/uploads\/2025\/03\/word-image-827-5-768x388.png 768w\" sizes=\"(max-width: 900px) 100vw, 900px\" \/><\/p>\n<p>Cette synchronisation permet au serveur de r\u00e9cup\u00e9rer les nouvelles mises \u00e0 jour disponible. Elle sera faite automatiquement selon une p\u00e9riodicit\u00e9 pr\u00e9d\u00e9finie, il est aussi possible de la lancer manuellement.<\/p>\n<p>Une GPO va nous permettre de param\u00e9trer les PC et Serveurs pour qu\u2019il utilisent le serveur WSUS pour leurs mises \u00e0 jour.<br \/>\nUne fois cette GPO mise en place, les machines vont envoyer un rapport d\u2019\u00e9tat au serveur, elles apparaitront alors sur la console.<br \/>\nIl est possible de classer les machines par groupes, afin de facilit\u00e9 la maintenance\u00a0:<\/p>\n<p><img loading=\"lazy\" decoding=\"async\" width=\"217\" height=\"273\" class=\"wp-image-833\" src=\"http:\/\/lcendamo.aristeecampus.org\/wp-content\/uploads\/2025\/03\/word-image-827-6.png\" \/><\/p>\n<p>Il sera alors beaucoup plus simple d\u2019appliquer des mises \u00e0 jours sur un groupe de machines identiques.<\/p>\n<p>Nous pouvons voir ci-dessous que des mises \u00e0 jour non approuv\u00e9es sont disponibles. Il va donc falloir les s\u00e9lectionner et les approuver, pour que les machines puissent t\u00e9l\u00e9charger les mises \u00e0 jours.<\/p>\n<p><img loading=\"lazy\" decoding=\"async\" width=\"1537\" height=\"797\" class=\"wp-image-834\" src=\"http:\/\/lcendamo.aristeecampus.org\/wp-content\/uploads\/2025\/03\/word-image-827-7.png\" srcset=\"http:\/\/lcendamo.aristeecampus.org\/wp-content\/uploads\/2025\/03\/word-image-827-7.png 1537w, http:\/\/lcendamo.aristeecampus.org\/wp-content\/uploads\/2025\/03\/word-image-827-7-300x156.png 300w, http:\/\/lcendamo.aristeecampus.org\/wp-content\/uploads\/2025\/03\/word-image-827-7-1024x531.png 1024w, http:\/\/lcendamo.aristeecampus.org\/wp-content\/uploads\/2025\/03\/word-image-827-7-768x398.png 768w\" sizes=\"(max-width: 1537px) 100vw, 1537px\" \/><\/p>\n<p><img loading=\"lazy\" decoding=\"async\" width=\"601\" height=\"376\" class=\"wp-image-835\" src=\"http:\/\/lcendamo.aristeecampus.org\/wp-content\/uploads\/2025\/03\/word-image-827-8.png\" srcset=\"http:\/\/lcendamo.aristeecampus.org\/wp-content\/uploads\/2025\/03\/word-image-827-8.png 601w, http:\/\/lcendamo.aristeecampus.org\/wp-content\/uploads\/2025\/03\/word-image-827-8-300x188.png 300w\" sizes=\"(max-width: 601px) 100vw, 601px\" \/><\/p>\n<p>Une fois approuv\u00e9es, les mises \u00e0 jours sont d\u00e9ploy\u00e9es sur les machines.<\/p>\n","protected":false},"excerpt":{"rendered":"<p>Mise en place de serveurs WSUS &nbsp; &nbsp; &nbsp; Afin de palier \u00e0 des probl\u00e8mes de d\u00e9bits de connexion internet, il a \u00e9t\u00e9 d\u00e9cider de mettre en place un serveur WSUS (Windows Server Update Services). Ce r\u00f4le permet de centraliser le t\u00e9l\u00e9chargement des mises \u00e0 jour sur une seule machine qui va t\u00e9l\u00e9charger les mises [&hellip;]<\/p>\n","protected":false},"author":1,"featured_media":0,"parent":0,"menu_order":0,"comment_status":"closed","ping_status":"closed","template":"","meta":{"saved_in_kubio":true,"footnotes":""},"class_list":["post-827","page","type-page","status-publish","hentry"],"kubio_ai_page_context":{"short_desc":"","purpose":"general"},"_links":{"self":[{"href":"http:\/\/lcendamo.aristeecampus.org\/index.php\/wp-json\/wp\/v2\/pages\/827","targetHints":{"allow":["GET"]}}],"collection":[{"href":"http:\/\/lcendamo.aristeecampus.org\/index.php\/wp-json\/wp\/v2\/pages"}],"about":[{"href":"http:\/\/lcendamo.aristeecampus.org\/index.php\/wp-json\/wp\/v2\/types\/page"}],"author":[{"embeddable":true,"href":"http:\/\/lcendamo.aristeecampus.org\/index.php\/wp-json\/wp\/v2\/users\/1"}],"replies":[{"embeddable":true,"href":"http:\/\/lcendamo.aristeecampus.org\/index.php\/wp-json\/wp\/v2\/comments?post=827"}],"version-history":[{"count":2,"href":"http:\/\/lcendamo.aristeecampus.org\/index.php\/wp-json\/wp\/v2\/pages\/827\/revisions"}],"predecessor-version":[{"id":838,"href":"http:\/\/lcendamo.aristeecampus.org\/index.php\/wp-json\/wp\/v2\/pages\/827\/revisions\/838"}],"wp:attachment":[{"href":"http:\/\/lcendamo.aristeecampus.org\/index.php\/wp-json\/wp\/v2\/media?parent=827"}],"curies":[{"name":"wp","href":"https:\/\/api.w.org\/{rel}","templated":true}]}}