{"id":552,"date":"2024-04-29T10:54:02","date_gmt":"2024-04-29T08:54:02","guid":{"rendered":"https:\/\/lcendamo.aristeecampus.org\/?page_id=552"},"modified":"2024-04-29T10:54:03","modified_gmt":"2024-04-29T08:54:03","slug":"serveur-fog","status":"publish","type":"page","link":"http:\/\/lcendamo.aristeecampus.org\/index.php\/serveur-fog\/","title":{"rendered":"Serveur FOG"},"content":{"rendered":"\n<h1 class=\"wp-block-heading\">Installation serveur de d\u00e9ploiement FOG<\/h1>\n\n\n\n<p>\n  Contexte&nbsp;: \n<\/p>\n\n\n\n<p>\n  Il y a r\u00e9guli\u00e8rement des PCs portables \u00e0 pr\u00e9parer avec une m\u00eame configuration, parfois dans un grand nombre. \n<\/p>\n\n\n\n<p>\n  Afin de faciliter la pr\u00e9paration de ses PC et de rendre la pr\u00e9paration de plusieurs PC plus rapide, il a \u00e9t\u00e9 d\u00e9cid\u00e9 de mettre en place un serveur de d\u00e9ploiement.\n<\/p>\n\n\n\n<p>\n  Le syst\u00e8me choisis et FOG Project. Il a l\u2019avantage d\u2019\u00eatre Open source et gratuit, tout comme l\u2019OS sur lequel il peut s\u2019installer&nbsp;: Debian 12.\n<\/p>\n\n\n\n<p>\n  Il faut dans un premier temps installer une version de linux compatible.\n<\/p>\n\n\n\n<p>\n  Nous allons utiliser Debian 12\n<\/p>\n\n\n\n<p>\n  Il faut tout d\u2019abord passer en root ( le compte root est le compte le plus puissant, il permet de tout faire sur la machine)\n<\/p>\n\n\n\n<p>\n  Pour cela il suffit de taper la commande \u00ab&nbsp;su&nbsp;\u00bb puis rentrer le mot de passe root.\n<\/p>\n\n\n\n<p>\n  L\u2019on peut voir ci-dessous la mention \u00ab&nbsp;root@&nbsp;\u00bb puis le nom de la machine. Cela nous indique que nous somme bien sur le compte root avec tous les droits.\n<\/p>\n\n\n\n<figure class=\"wp-block-image\"><img loading=\"lazy\" decoding=\"async\" width=\"551\" height=\"91\" src=\"http:\/\/lcendamo.aristeecampus.org\/wp-content\/uploads\/2024\/04\/word-image-552-1.png\" alt=\"\" class=\"wp-image-553\" srcset=\"http:\/\/lcendamo.aristeecampus.org\/wp-content\/uploads\/2024\/04\/word-image-552-1.png 551w, http:\/\/lcendamo.aristeecampus.org\/wp-content\/uploads\/2024\/04\/word-image-552-1-300x50.png 300w\" sizes=\"(max-width: 551px) 100vw, 551px\" \/><\/figure>\n\n\n\n<p>\n  Nous commen\u00e7ons par mettre \u00e0 jour les packages de la machine avec la commande suivante&nbsp;: \n<\/p>\n\n\n\n<p>\n  apt-get update &amp;&amp; apt-get upgrade\n<\/p>\n\n\n\n<figure class=\"wp-block-image\"><img loading=\"lazy\" decoding=\"async\" width=\"671\" height=\"183\" src=\"http:\/\/lcendamo.aristeecampus.org\/wp-content\/uploads\/2024\/04\/word-image-552-2.png\" alt=\"\" class=\"wp-image-554\" srcset=\"http:\/\/lcendamo.aristeecampus.org\/wp-content\/uploads\/2024\/04\/word-image-552-2.png 671w, http:\/\/lcendamo.aristeecampus.org\/wp-content\/uploads\/2024\/04\/word-image-552-2-300x82.png 300w\" sizes=\"(max-width: 671px) 100vw, 671px\" \/><\/figure>\n\n\n\n<p>\n  Ensuite nous nous pla\u00e7ons dans le r\u00e9pertoire \u00ab&nbsp;tmp&nbsp;\u00bb avec la commande suivante&nbsp;: \n<\/p>\n\n\n\n<p>\n  cd \/tmp\n<\/p>\n\n\n\n<figure class=\"wp-block-image\"><img loading=\"lazy\" decoding=\"async\" width=\"290\" height=\"43\" src=\"http:\/\/lcendamo.aristeecampus.org\/wp-content\/uploads\/2024\/04\/word-image-552-3.png\" alt=\"\" class=\"wp-image-555\"\/><\/figure>\n\n\n\n<p>\n  Puis nous t\u00e9l\u00e9chargeons le fichier qui va nous permettre d\u2019installer FOG sans ce r\u00e9pertoire, avec la commande suivante&nbsp;: \n<\/p>\n\n\n\n<p>\n   wget <a href=\"https:\/\/github.com\/FOGProject\/fogproject\/archive\/1.5.10.tar.gz\">https:\/\/github.com\/FOGProject\/fogproject\/archive\/1.5.10.tar.gz<\/a>\n<\/p>\n\n\n\n<figure class=\"wp-block-image\"><img loading=\"lazy\" decoding=\"async\" width=\"796\" height=\"265\" src=\"http:\/\/lcendamo.aristeecampus.org\/wp-content\/uploads\/2024\/04\/word-image-552-4.png\" alt=\"\" class=\"wp-image-556\" srcset=\"http:\/\/lcendamo.aristeecampus.org\/wp-content\/uploads\/2024\/04\/word-image-552-4.png 796w, http:\/\/lcendamo.aristeecampus.org\/wp-content\/uploads\/2024\/04\/word-image-552-4-300x100.png 300w, http:\/\/lcendamo.aristeecampus.org\/wp-content\/uploads\/2024\/04\/word-image-552-4-768x256.png 768w\" sizes=\"(max-width: 796px) 100vw, 796px\" \/><\/figure>\n\n\n\n<p>\n  Nous allons maintenant d\u00e9compresser l\u2019archive t\u00e9l\u00e9charg\u00e9e, avec la commande suivante&nbsp;: \n<\/p>\n\n\n\n<p>\n  tar -xvzf 1.5.10.tar.gz\n<\/p>\n\n\n\n<figure class=\"wp-block-image\"><img loading=\"lazy\" decoding=\"async\" width=\"487\" height=\"600\" src=\"http:\/\/lcendamo.aristeecampus.org\/wp-content\/uploads\/2024\/04\/word-image-552-5.png\" alt=\"\" class=\"wp-image-557\" srcset=\"http:\/\/lcendamo.aristeecampus.org\/wp-content\/uploads\/2024\/04\/word-image-552-5.png 487w, http:\/\/lcendamo.aristeecampus.org\/wp-content\/uploads\/2024\/04\/word-image-552-5-244x300.png 244w\" sizes=\"(max-width: 487px) 100vw, 487px\" \/><\/figure>\n\n\n\n<p>\n  Nous nous d\u00e9pla\u00e7ons dans le r\u00e9pertoire ou se trouve le script pour l\u2019installation de FOG&nbsp;: \n<\/p>\n\n\n\n<p>\n  cd fogproject-1.5.10\/bin\n<\/p>\n\n\n\n<p>\n  Puis nous lan\u00e7ons le script&nbsp;:\n<\/p>\n\n\n\n<p>\n  .\/installfog.sh\n<\/p>\n\n\n\n<p>\n  L\u2019installateur se lance&nbsp;:\n<\/p>\n\n\n\n<figure class=\"wp-block-image\"><img loading=\"lazy\" decoding=\"async\" width=\"699\" height=\"575\" src=\"http:\/\/lcendamo.aristeecampus.org\/wp-content\/uploads\/2024\/04\/word-image-552-6.png\" alt=\"\" class=\"wp-image-558\" srcset=\"http:\/\/lcendamo.aristeecampus.org\/wp-content\/uploads\/2024\/04\/word-image-552-6.png 699w, http:\/\/lcendamo.aristeecampus.org\/wp-content\/uploads\/2024\/04\/word-image-552-6-300x247.png 300w\" sizes=\"(max-width: 699px) 100vw, 699px\" \/><\/figure>\n\n\n\n<p>\n  Nous entrons \u00ab2&nbsp;\u00bb&nbsp;&nbsp;&nbsp;pour choisir l\u2019installation Debian puis \u00ab&nbsp;n&nbsp;\u00bb  pour l\u2019installation normale\n<\/p>\n\n\n\n<figure class=\"wp-block-image\"><img loading=\"lazy\" decoding=\"async\" width=\"599\" height=\"286\" src=\"http:\/\/lcendamo.aristeecampus.org\/wp-content\/uploads\/2024\/04\/word-image-552-7.png\" alt=\"\" class=\"wp-image-559\" srcset=\"http:\/\/lcendamo.aristeecampus.org\/wp-content\/uploads\/2024\/04\/word-image-552-7.png 599w, http:\/\/lcendamo.aristeecampus.org\/wp-content\/uploads\/2024\/04\/word-image-552-7-300x143.png 300w\" sizes=\"(max-width: 599px) 100vw, 599px\" \/><\/figure>\n\n\n\n<p>\n  L\u2019installateur trouve automatiquement notre interface r\u00e9seau, nous pouvons la laisser le param\u00e8tre comme il est, en entrant \u00ab&nbsp;n&nbsp;\u00bb\n<\/p>\n\n\n\n<figure class=\"wp-block-image\"><img loading=\"lazy\" decoding=\"async\" width=\"562\" height=\"96\" src=\"http:\/\/lcendamo.aristeecampus.org\/wp-content\/uploads\/2024\/04\/word-image-552-8.png\" alt=\"\" class=\"wp-image-560\" srcset=\"http:\/\/lcendamo.aristeecampus.org\/wp-content\/uploads\/2024\/04\/word-image-552-8.png 562w, http:\/\/lcendamo.aristeecampus.org\/wp-content\/uploads\/2024\/04\/word-image-552-8-300x51.png 300w\" sizes=\"(max-width: 562px) 100vw, 562px\" \/><\/figure>\n\n\n\n<p>\n   Nous avons ensuite la possibilit\u00e9 de param\u00e9trer l\u2019ip du router pour le DHCP, il est aussi possible de param\u00e9trer FOG pour qui agisse en tant que DHCP. Nous choisissons cette possibilit\u00e9.\n<\/p>\n\n\n\n<figure class=\"wp-block-image\"><img loading=\"lazy\" decoding=\"async\" width=\"604\" height=\"523\" src=\"http:\/\/lcendamo.aristeecampus.org\/wp-content\/uploads\/2024\/04\/word-image-552-9.png\" alt=\"\" class=\"wp-image-561\" srcset=\"http:\/\/lcendamo.aristeecampus.org\/wp-content\/uploads\/2024\/04\/word-image-552-9.png 604w, http:\/\/lcendamo.aristeecampus.org\/wp-content\/uploads\/2024\/04\/word-image-552-9-300x260.png 300w\" sizes=\"(max-width: 604px) 100vw, 604px\" \/><\/figure>\n\n\n\n<p>\n  Nous avons ensuite un r\u00e9capitulatif des param\u00e9trages\n<\/p>\n\n\n\n<figure class=\"wp-block-image\"><img loading=\"lazy\" decoding=\"async\" width=\"630\" height=\"517\" src=\"http:\/\/lcendamo.aristeecampus.org\/wp-content\/uploads\/2024\/04\/word-image-552-10.png\" alt=\"\" class=\"wp-image-562\" srcset=\"http:\/\/lcendamo.aristeecampus.org\/wp-content\/uploads\/2024\/04\/word-image-552-10.png 630w, http:\/\/lcendamo.aristeecampus.org\/wp-content\/uploads\/2024\/04\/word-image-552-10-300x246.png 300w\" sizes=\"(max-width: 630px) 100vw, 630px\" \/><\/figure>\n\n\n\n<p>\n  L\u2019installation se termine et nous allons pouvoir prendre la main sur la console web\n<\/p>\n\n\n\n<figure class=\"wp-block-image\"><img loading=\"lazy\" decoding=\"async\" width=\"569\" height=\"255\" src=\"http:\/\/lcendamo.aristeecampus.org\/wp-content\/uploads\/2024\/04\/word-image-552-11.png\" alt=\"\" class=\"wp-image-563\" srcset=\"http:\/\/lcendamo.aristeecampus.org\/wp-content\/uploads\/2024\/04\/word-image-552-11.png 569w, http:\/\/lcendamo.aristeecampus.org\/wp-content\/uploads\/2024\/04\/word-image-552-11-300x134.png 300w\" sizes=\"(max-width: 569px) 100vw, 569px\" \/><\/figure>\n\n\n\n<p>\n  Il faut ensuite se connecter sur la console web avec le lien indiqu\u00e9, il nous sera demand\u00e9 de finaliser l\u2019installation en cliquant sur le bouton, une fois fait nous pouvons nous connecter avec l\u2019identifiant par d\u00e9faut.\n<\/p>\n\n\n\n<figure class=\"wp-block-image\"><img loading=\"lazy\" decoding=\"async\" width=\"224\" height=\"140\" src=\"http:\/\/lcendamo.aristeecampus.org\/wp-content\/uploads\/2024\/04\/word-image-552-12.png\" alt=\"\" class=\"wp-image-564\"\/><\/figure>\n\n\n\n<p>\n  Nous arrivons sur la page d\u2019accueil de FOG\n<\/p>\n\n\n\n<figure class=\"wp-block-image\"><img loading=\"lazy\" decoding=\"async\" width=\"1025\" height=\"650\" src=\"http:\/\/lcendamo.aristeecampus.org\/wp-content\/uploads\/2024\/04\/word-image-552-13.png\" alt=\"\" class=\"wp-image-565\" srcset=\"http:\/\/lcendamo.aristeecampus.org\/wp-content\/uploads\/2024\/04\/word-image-552-13.png 1025w, http:\/\/lcendamo.aristeecampus.org\/wp-content\/uploads\/2024\/04\/word-image-552-13-300x190.png 300w, http:\/\/lcendamo.aristeecampus.org\/wp-content\/uploads\/2024\/04\/word-image-552-13-768x487.png 768w\" sizes=\"(max-width: 1025px) 100vw, 1025px\" \/><\/figure>\n","protected":false},"excerpt":{"rendered":"<p>Installation serveur de d\u00e9ploiement FOG Contexte&nbsp;: Il y a r\u00e9guli\u00e8rement des PCs portables \u00e0 pr\u00e9parer avec une m\u00eame configuration, parfois dans un grand nombre. Afin de faciliter la pr\u00e9paration de ses PC et de rendre la pr\u00e9paration de plusieurs PC plus rapide, il a \u00e9t\u00e9 d\u00e9cid\u00e9 de mettre en place un serveur de d\u00e9ploiement. Le [&hellip;]<\/p>\n","protected":false},"author":1,"featured_media":0,"parent":0,"menu_order":0,"comment_status":"closed","ping_status":"closed","template":"","meta":{"saved_in_kubio":false,"footnotes":""},"class_list":["post-552","page","type-page","status-publish","hentry"],"kubio_ai_page_context":{"short_desc":"","purpose":"general"},"_links":{"self":[{"href":"http:\/\/lcendamo.aristeecampus.org\/index.php\/wp-json\/wp\/v2\/pages\/552","targetHints":{"allow":["GET"]}}],"collection":[{"href":"http:\/\/lcendamo.aristeecampus.org\/index.php\/wp-json\/wp\/v2\/pages"}],"about":[{"href":"http:\/\/lcendamo.aristeecampus.org\/index.php\/wp-json\/wp\/v2\/types\/page"}],"author":[{"embeddable":true,"href":"http:\/\/lcendamo.aristeecampus.org\/index.php\/wp-json\/wp\/v2\/users\/1"}],"replies":[{"embeddable":true,"href":"http:\/\/lcendamo.aristeecampus.org\/index.php\/wp-json\/wp\/v2\/comments?post=552"}],"version-history":[{"count":1,"href":"http:\/\/lcendamo.aristeecampus.org\/index.php\/wp-json\/wp\/v2\/pages\/552\/revisions"}],"predecessor-version":[{"id":566,"href":"http:\/\/lcendamo.aristeecampus.org\/index.php\/wp-json\/wp\/v2\/pages\/552\/revisions\/566"}],"wp:attachment":[{"href":"http:\/\/lcendamo.aristeecampus.org\/index.php\/wp-json\/wp\/v2\/media?parent=552"}],"curies":[{"name":"wp","href":"https:\/\/api.w.org\/{rel}","templated":true}]}}