{"id":534,"date":"2024-04-29T10:50:57","date_gmt":"2024-04-29T08:50:57","guid":{"rendered":"https:\/\/lcendamo.aristeecampus.org\/?page_id=534"},"modified":"2024-04-29T10:50:59","modified_gmt":"2024-04-29T08:50:59","slug":"pfsense","status":"publish","type":"page","link":"http:\/\/lcendamo.aristeecampus.org\/index.php\/pfsense\/","title":{"rendered":"Pfsense"},"content":{"rendered":"\n<h1 class=\"wp-block-heading\">Installation Pfsense<\/h1>\n\n\n\n<p>\n  Dans le cadre du contexte GSB, la mise en place d\u2019un par-feu est demand\u00e9e dans le but de s\u00e9curiser un VLAN sur lequel va se trouver un serveur de d\u00e9ploiement FOG\n<\/p>\n\n\n\n<p>\n  La solution retenue est l\u2019utilisation de Pfsense, qui sera virtualis\u00e9.\n<\/p>\n\n\n\n<p>\n  Il faut dans un premier temps r\u00e9cup\u00e9rer l\u2019ISO sur le site officiel. \n  <br>\n  Lors du boot sur l\u2019iso, le setup se lance automatiquement\n<\/p>\n\n\n\n<figure class=\"wp-block-image\"><img loading=\"lazy\" decoding=\"async\" width=\"761\" height=\"434\" src=\"http:\/\/lcendamo.aristeecampus.org\/wp-content\/uploads\/2024\/04\/word-image-534-1.png\" alt=\"\" class=\"wp-image-535\" srcset=\"http:\/\/lcendamo.aristeecampus.org\/wp-content\/uploads\/2024\/04\/word-image-534-1.png 761w, http:\/\/lcendamo.aristeecampus.org\/wp-content\/uploads\/2024\/04\/word-image-534-1-300x171.png 300w\" sizes=\"(max-width: 761px) 100vw, 761px\" \/><\/figure>\n\n\n\n<p>\n  Il faut s\u00e9lectionner install\n<\/p>\n\n\n\n<figure class=\"wp-block-image\"><img loading=\"lazy\" decoding=\"async\" width=\"732\" height=\"405\" src=\"http:\/\/lcendamo.aristeecampus.org\/wp-content\/uploads\/2024\/04\/word-image-534-2.png\" alt=\"\" class=\"wp-image-536\" srcset=\"http:\/\/lcendamo.aristeecampus.org\/wp-content\/uploads\/2024\/04\/word-image-534-2.png 732w, http:\/\/lcendamo.aristeecampus.org\/wp-content\/uploads\/2024\/04\/word-image-534-2-300x166.png 300w\" sizes=\"(max-width: 732px) 100vw, 732px\" \/><\/figure>\n\n\n\n<p>\n  Puis nous laissons tous les param\u00e9tres par d\u00e9faut \n<\/p>\n\n\n\n<figure class=\"wp-block-image\"><img loading=\"lazy\" decoding=\"async\" width=\"727\" height=\"398\" src=\"http:\/\/lcendamo.aristeecampus.org\/wp-content\/uploads\/2024\/04\/word-image-534-3.png\" alt=\"\" class=\"wp-image-537\" srcset=\"http:\/\/lcendamo.aristeecampus.org\/wp-content\/uploads\/2024\/04\/word-image-534-3.png 727w, http:\/\/lcendamo.aristeecampus.org\/wp-content\/uploads\/2024\/04\/word-image-534-3-300x164.png 300w\" sizes=\"(max-width: 727px) 100vw, 727px\" \/><\/figure>\n\n\n\n<figure class=\"wp-block-image\"><img loading=\"lazy\" decoding=\"async\" width=\"733\" height=\"402\" src=\"http:\/\/lcendamo.aristeecampus.org\/wp-content\/uploads\/2024\/04\/word-image-534-4.png\" alt=\"\" class=\"wp-image-538\" srcset=\"http:\/\/lcendamo.aristeecampus.org\/wp-content\/uploads\/2024\/04\/word-image-534-4.png 733w, http:\/\/lcendamo.aristeecampus.org\/wp-content\/uploads\/2024\/04\/word-image-534-4-300x165.png 300w\" sizes=\"(max-width: 733px) 100vw, 733px\" \/><\/figure>\n\n\n\n<figure class=\"wp-block-image\"><img loading=\"lazy\" decoding=\"async\" width=\"717\" height=\"402\" src=\"http:\/\/lcendamo.aristeecampus.org\/wp-content\/uploads\/2024\/04\/word-image-534-5.png\" alt=\"\" class=\"wp-image-539\" srcset=\"http:\/\/lcendamo.aristeecampus.org\/wp-content\/uploads\/2024\/04\/word-image-534-5.png 717w, http:\/\/lcendamo.aristeecampus.org\/wp-content\/uploads\/2024\/04\/word-image-534-5-300x168.png 300w\" sizes=\"(max-width: 717px) 100vw, 717px\" \/><\/figure>\n\n\n\n<p>\n  Puis nous s\u00e9lectionnons le disque pour l\u2019installation&nbsp;: \n<\/p>\n\n\n\n<figure class=\"wp-block-image\"><img loading=\"lazy\" decoding=\"async\" width=\"731\" height=\"405\" src=\"http:\/\/lcendamo.aristeecampus.org\/wp-content\/uploads\/2024\/04\/word-image-534-6.png\" alt=\"\" class=\"wp-image-540\" srcset=\"http:\/\/lcendamo.aristeecampus.org\/wp-content\/uploads\/2024\/04\/word-image-534-6.png 731w, http:\/\/lcendamo.aristeecampus.org\/wp-content\/uploads\/2024\/04\/word-image-534-6-300x166.png 300w\" sizes=\"(max-width: 731px) 100vw, 731px\" \/><\/figure>\n\n\n\n<figure class=\"wp-block-image\"><img loading=\"lazy\" decoding=\"async\" width=\"714\" height=\"400\" src=\"http:\/\/lcendamo.aristeecampus.org\/wp-content\/uploads\/2024\/04\/word-image-534-7.png\" alt=\"\" class=\"wp-image-541\" srcset=\"http:\/\/lcendamo.aristeecampus.org\/wp-content\/uploads\/2024\/04\/word-image-534-7.png 714w, http:\/\/lcendamo.aristeecampus.org\/wp-content\/uploads\/2024\/04\/word-image-534-7-300x168.png 300w\" sizes=\"(max-width: 714px) 100vw, 714px\" \/><\/figure>\n\n\n\n<p>\n  L\u2019installation est termin\u00e9e, nous pouvons red\u00e9marrer&nbsp;:\n<\/p>\n\n\n\n<figure class=\"wp-block-image\"><img loading=\"lazy\" decoding=\"async\" width=\"721\" height=\"400\" src=\"http:\/\/lcendamo.aristeecampus.org\/wp-content\/uploads\/2024\/04\/word-image-534-8.png\" alt=\"\" class=\"wp-image-542\" srcset=\"http:\/\/lcendamo.aristeecampus.org\/wp-content\/uploads\/2024\/04\/word-image-534-8.png 721w, http:\/\/lcendamo.aristeecampus.org\/wp-content\/uploads\/2024\/04\/word-image-534-8-300x166.png 300w\" sizes=\"(max-width: 721px) 100vw, 721px\" \/><\/figure>\n\n\n\n<p>\n  La machine red\u00e9marre et nous arrivons sur la page de d\u00e9marrage, ou nous allons pouvoir param\u00e9trer la machine\n<\/p>\n\n\n\n<p>\n  Nous avons deux cartes r\u00e9seau sur cette machine, une qui va \u00eatre param\u00e9tr\u00e9e en WAN pour l\u2019acc\u00e8s internet, l\u2019autre qui sera param\u00e9tr\u00e9e avec une ip du r\u00e9seau local et qui servira de passerelle au r\u00e9seau lan. Un DHCP est pr\u00e9sent sur le r\u00e9seau de la carte WAN, qui est par d\u00e9faut param\u00e9tr\u00e9e en mode DHCP. Il n\u2019y a donc pas de modification \u00e0 faire pour cette carte. \n<\/p>\n\n\n\n<p>\n  Nous allons param\u00e9trer la carte du r\u00e9seau LAN&nbsp;:\n<\/p>\n\n\n\n<p>\n  Pour ce faire, entrer la touche 2&nbsp;:\n<\/p>\n\n\n\n<figure class=\"wp-block-image\"><img loading=\"lazy\" decoding=\"async\" width=\"726\" height=\"409\" src=\"http:\/\/lcendamo.aristeecampus.org\/wp-content\/uploads\/2024\/04\/word-image-534-9.png\" alt=\"\" class=\"wp-image-543\" srcset=\"http:\/\/lcendamo.aristeecampus.org\/wp-content\/uploads\/2024\/04\/word-image-534-9.png 726w, http:\/\/lcendamo.aristeecampus.org\/wp-content\/uploads\/2024\/04\/word-image-534-9-300x169.png 300w\" sizes=\"(max-width: 726px) 100vw, 726px\" \/><\/figure>\n\n\n\n<p>\n  Puis encore 2 pour param\u00e9trer la seconde carte&nbsp;: \n<\/p>\n\n\n\n<figure class=\"wp-block-image\"><img loading=\"lazy\" decoding=\"async\" width=\"732\" height=\"404\" src=\"http:\/\/lcendamo.aristeecampus.org\/wp-content\/uploads\/2024\/04\/word-image-534-10.png\" alt=\"\" class=\"wp-image-544\" srcset=\"http:\/\/lcendamo.aristeecampus.org\/wp-content\/uploads\/2024\/04\/word-image-534-10.png 732w, http:\/\/lcendamo.aristeecampus.org\/wp-content\/uploads\/2024\/04\/word-image-534-10-300x166.png 300w\" sizes=\"(max-width: 732px) 100vw, 732px\" \/><\/figure>\n\n\n\n<p>\n  Puis il nous est demand\u00e9 si nous souhaitons configurer la carte en mode DHCP, nous voulons lui attribuer une ip statique, donc \u00ab&nbsp;n&nbsp;\u00bb\n<\/p>\n\n\n\n<p>\n  Puis il faut rentrer l\u2019IP de la carte et son masque de sous r\u00e9seau.\n<\/p>\n\n\n\n<p>\n  Il nous est demand\u00e9 de param\u00e9trer un passerelle si la carte est utilis\u00e9e comme WAN, ENTRER pour ne pas configurer.\n<\/p>\n\n\n\n<p>\n  Il nous est demand\u00e9 ensuite de param\u00e9trer une IPv6&nbsp;;\n<\/p>\n\n\n\n<p>\n   \u00ab&nbsp;n&nbsp;\u00bb pour ne pas la configurer via dhcp\n<\/p>\n\n\n\n<figure class=\"wp-block-image\"><img loading=\"lazy\" decoding=\"async\" width=\"726\" height=\"410\" src=\"http:\/\/lcendamo.aristeecampus.org\/wp-content\/uploads\/2024\/04\/word-image-534-11.png\" alt=\"\" class=\"wp-image-545\" srcset=\"http:\/\/lcendamo.aristeecampus.org\/wp-content\/uploads\/2024\/04\/word-image-534-11.png 726w, http:\/\/lcendamo.aristeecampus.org\/wp-content\/uploads\/2024\/04\/word-image-534-11-300x169.png 300w\" sizes=\"(max-width: 726px) 100vw, 726px\" \/><\/figure>\n\n\n\n<p>\n  Puis \u00ab&nbsp;entrer&nbsp;\u00bb pour ne pas configurer d\u2019IPv6 statique&nbsp;:\n<\/p>\n\n\n\n<figure class=\"wp-block-image\"><img loading=\"lazy\" decoding=\"async\" width=\"731\" height=\"411\" src=\"http:\/\/lcendamo.aristeecampus.org\/wp-content\/uploads\/2024\/04\/word-image-534-12.png\" alt=\"\" class=\"wp-image-546\" srcset=\"http:\/\/lcendamo.aristeecampus.org\/wp-content\/uploads\/2024\/04\/word-image-534-12.png 731w, http:\/\/lcendamo.aristeecampus.org\/wp-content\/uploads\/2024\/04\/word-image-534-12-300x169.png 300w\" sizes=\"(max-width: 731px) 100vw, 731px\" \/><\/figure>\n\n\n\n<p>\n  Il nous est ensuite demand\u00e9 si nous voulons activer un serveur DHCP sur le lan, nous avons d\u00e9j\u00e0 un DCHP Windows sur le LAN, donc \u00ab&nbsp;n&nbsp;\u00bb\n<\/p>\n\n\n\n<figure class=\"wp-block-image\"><img loading=\"lazy\" decoding=\"async\" width=\"545\" height=\"71\" src=\"http:\/\/lcendamo.aristeecampus.org\/wp-content\/uploads\/2024\/04\/word-image-534-13.png\" alt=\"\" class=\"wp-image-547\" srcset=\"http:\/\/lcendamo.aristeecampus.org\/wp-content\/uploads\/2024\/04\/word-image-534-13.png 545w, http:\/\/lcendamo.aristeecampus.org\/wp-content\/uploads\/2024\/04\/word-image-534-13-300x39.png 300w\" sizes=\"(max-width: 545px) 100vw, 545px\" \/><\/figure>\n\n\n\n<p>\n  Ensuite il nous est demand\u00e9 si nous voulons que la console web soit accessible via HTTP, \u00ab&nbsp;n&nbsp;\u00bb pour rester sous HTTPS.\n<\/p>\n\n\n\n<figure class=\"wp-block-image\"><img loading=\"lazy\" decoding=\"async\" width=\"720\" height=\"206\" src=\"http:\/\/lcendamo.aristeecampus.org\/wp-content\/uploads\/2024\/04\/word-image-534-14.png\" alt=\"\" class=\"wp-image-548\" srcset=\"http:\/\/lcendamo.aristeecampus.org\/wp-content\/uploads\/2024\/04\/word-image-534-14.png 720w, http:\/\/lcendamo.aristeecampus.org\/wp-content\/uploads\/2024\/04\/word-image-534-14-300x86.png 300w\" sizes=\"(max-width: 720px) 100vw, 720px\" \/><\/figure>\n\n\n\n<p>\n  L\u2019installation est termin\u00e9e, nous allons pouvoir utiliser la VM pour filtrer le trafic.\n<\/p>\n","protected":false},"excerpt":{"rendered":"<p>Installation Pfsense Dans le cadre du contexte GSB, la mise en place d\u2019un par-feu est demand\u00e9e dans le but de s\u00e9curiser un VLAN sur lequel va se trouver un serveur de d\u00e9ploiement FOG La solution retenue est l\u2019utilisation de Pfsense, qui sera virtualis\u00e9. Il faut dans un premier temps r\u00e9cup\u00e9rer l\u2019ISO sur le site officiel. [&hellip;]<\/p>\n","protected":false},"author":1,"featured_media":0,"parent":0,"menu_order":0,"comment_status":"closed","ping_status":"closed","template":"","meta":{"saved_in_kubio":false,"footnotes":""},"class_list":["post-534","page","type-page","status-publish","hentry"],"kubio_ai_page_context":{"short_desc":"","purpose":"general"},"_links":{"self":[{"href":"http:\/\/lcendamo.aristeecampus.org\/index.php\/wp-json\/wp\/v2\/pages\/534","targetHints":{"allow":["GET"]}}],"collection":[{"href":"http:\/\/lcendamo.aristeecampus.org\/index.php\/wp-json\/wp\/v2\/pages"}],"about":[{"href":"http:\/\/lcendamo.aristeecampus.org\/index.php\/wp-json\/wp\/v2\/types\/page"}],"author":[{"embeddable":true,"href":"http:\/\/lcendamo.aristeecampus.org\/index.php\/wp-json\/wp\/v2\/users\/1"}],"replies":[{"embeddable":true,"href":"http:\/\/lcendamo.aristeecampus.org\/index.php\/wp-json\/wp\/v2\/comments?post=534"}],"version-history":[{"count":1,"href":"http:\/\/lcendamo.aristeecampus.org\/index.php\/wp-json\/wp\/v2\/pages\/534\/revisions"}],"predecessor-version":[{"id":549,"href":"http:\/\/lcendamo.aristeecampus.org\/index.php\/wp-json\/wp\/v2\/pages\/534\/revisions\/549"}],"wp:attachment":[{"href":"http:\/\/lcendamo.aristeecampus.org\/index.php\/wp-json\/wp\/v2\/media?parent=534"}],"curies":[{"name":"wp","href":"https:\/\/api.w.org\/{rel}","templated":true}]}}