{"id":1063,"date":"2025-05-31T17:27:49","date_gmt":"2025-05-31T15:27:49","guid":{"rendered":"https:\/\/lcendamo.aristeecampus.org\/?page_id=1063"},"modified":"2025-05-31T17:27:50","modified_gmt":"2025-05-31T15:27:50","slug":"packet-tracer","status":"publish","type":"page","link":"http:\/\/lcendamo.aristeecampus.org\/index.php\/packet-tracer\/","title":{"rendered":"Packet Tracer"},"content":{"rendered":"<h2>Packet Tracer<\/h2>\n<p>Dans le cadre de ma formation, j\u2019ai eu l\u2019occasion d\u2019utiliser <strong>Packet Tracer<\/strong>, un logiciel de simulation d\u00e9velopp\u00e9 par Cisco, largement utilis\u00e9 dans l\u2019apprentissage des r\u00e9seaux informatiques.<\/p>\n<h2>\u00c0 quoi sert Packet Tracer ?<\/h2>\n<p>Ce logiciel permet de cr\u00e9er et configurer des r\u00e9seaux virtuels sans avoir besoin de mat\u00e9riel physique. C\u2019est tr\u00e8s pratique pour apprendre \u00e0 manipuler des \u00e9quipements comme les switches, routeurs<strong>.<\/strong><\/p>\n<p>On peut :<\/p>\n<ul>\n<li>Visualiser la topologie du r\u00e9seau<\/li>\n<li>Tester diff\u00e9rentes configurations (VLAN, routage, IP, etc.)<\/li>\n<li>Simuler des situations concr\u00e8tes (panne, red\u00e9marrage, perte de paquets\u2026)<\/li>\n<li>Ex\u00e9cuter des commandes en ligne de commande comme dans un vrai terminal Cisco<\/li>\n<\/ul>\n<h2>Pourquoi je l\u2019utilise ?<\/h2>\n<p>J\u2019ai utilis\u00e9 Packet Tracer pour mettre virtuellement en place l\u2019infrastructure GSB.<br \/>\nCe contexte impos\u00e9 m\u2019a permis de mettre en place, tester et valider une architecture r\u00e9seau compl\u00e8te (avec VLAN, routage, DHCP,etc.) sans mat\u00e9riel r\u00e9el. Gr\u00e2ce \u00e0 la simulation, j\u2019ai pu approfondir mes connaissance r\u00e9seaux, et apprendre les commandes du mat\u00e9riel Cisco.<\/p>\n<p>Voici l\u2019infra compl\u00e8te\u00a0:<\/p>\n<p><img loading=\"lazy\" decoding=\"async\" width=\"1681\" height=\"727\" class=\"wp-image-1065\" src=\"http:\/\/lcendamo.aristeecampus.org\/wp-content\/uploads\/2025\/05\/word-image-1063-1.png\" srcset=\"http:\/\/lcendamo.aristeecampus.org\/wp-content\/uploads\/2025\/05\/word-image-1063-1.png 1681w, http:\/\/lcendamo.aristeecampus.org\/wp-content\/uploads\/2025\/05\/word-image-1063-1-300x130.png 300w, http:\/\/lcendamo.aristeecampus.org\/wp-content\/uploads\/2025\/05\/word-image-1063-1-1024x443.png 1024w, http:\/\/lcendamo.aristeecampus.org\/wp-content\/uploads\/2025\/05\/word-image-1063-1-768x332.png 768w, http:\/\/lcendamo.aristeecampus.org\/wp-content\/uploads\/2025\/05\/word-image-1063-1-1536x664.png 1536w\" sizes=\"(max-width: 1681px) 100vw, 1681px\" \/><\/p>\n<p>Et un exemple de configuration d\u2019un routeur\u00a0:<br \/>\n<img loading=\"lazy\" decoding=\"async\" width=\"330\" height=\"828\" class=\"wp-image-1066\" src=\"http:\/\/lcendamo.aristeecampus.org\/wp-content\/uploads\/2025\/05\/word-image-1063-2.png\" srcset=\"http:\/\/lcendamo.aristeecampus.org\/wp-content\/uploads\/2025\/05\/word-image-1063-2.png 330w, http:\/\/lcendamo.aristeecampus.org\/wp-content\/uploads\/2025\/05\/word-image-1063-2-120x300.png 120w\" sizes=\"(max-width: 330px) 100vw, 330px\" \/><\/p>\n<p>En conclusion, ce fut un excellent moyen de gagner en exp\u00e9rience tout en pr\u00e9parant une infrastructure fiable, \u00e9volutive et conforme aux besoins d\u2019une entreprise comme GSB.<\/p>\n","protected":false},"excerpt":{"rendered":"<p>Packet Tracer Dans le cadre de ma formation, j\u2019ai eu l\u2019occasion d\u2019utiliser Packet Tracer, un logiciel de simulation d\u00e9velopp\u00e9 par Cisco, largement utilis\u00e9 dans l\u2019apprentissage des r\u00e9seaux informatiques. \u00c0 quoi sert Packet Tracer ? Ce logiciel permet de cr\u00e9er et configurer des r\u00e9seaux virtuels sans avoir besoin de mat\u00e9riel physique. C\u2019est tr\u00e8s pratique pour apprendre [&hellip;]<\/p>\n","protected":false},"author":1,"featured_media":0,"parent":0,"menu_order":0,"comment_status":"closed","ping_status":"closed","template":"","meta":{"saved_in_kubio":false,"footnotes":""},"class_list":["post-1063","page","type-page","status-publish","hentry"],"kubio_ai_page_context":{"short_desc":"","purpose":"general"},"_links":{"self":[{"href":"http:\/\/lcendamo.aristeecampus.org\/index.php\/wp-json\/wp\/v2\/pages\/1063","targetHints":{"allow":["GET"]}}],"collection":[{"href":"http:\/\/lcendamo.aristeecampus.org\/index.php\/wp-json\/wp\/v2\/pages"}],"about":[{"href":"http:\/\/lcendamo.aristeecampus.org\/index.php\/wp-json\/wp\/v2\/types\/page"}],"author":[{"embeddable":true,"href":"http:\/\/lcendamo.aristeecampus.org\/index.php\/wp-json\/wp\/v2\/users\/1"}],"replies":[{"embeddable":true,"href":"http:\/\/lcendamo.aristeecampus.org\/index.php\/wp-json\/wp\/v2\/comments?post=1063"}],"version-history":[{"count":1,"href":"http:\/\/lcendamo.aristeecampus.org\/index.php\/wp-json\/wp\/v2\/pages\/1063\/revisions"}],"predecessor-version":[{"id":1067,"href":"http:\/\/lcendamo.aristeecampus.org\/index.php\/wp-json\/wp\/v2\/pages\/1063\/revisions\/1067"}],"wp:attachment":[{"href":"http:\/\/lcendamo.aristeecampus.org\/index.php\/wp-json\/wp\/v2\/media?parent=1063"}],"curies":[{"name":"wp","href":"https:\/\/api.w.org\/{rel}","templated":true}]}}