{"id":1008,"date":"2025-04-18T10:55:28","date_gmt":"2025-04-18T08:55:28","guid":{"rendered":"https:\/\/lcendamo.aristeecampus.org\/?page_id=1008"},"modified":"2025-04-18T10:55:29","modified_gmt":"2025-04-18T08:55:29","slug":"configuration-dinterfaces-sur-switch-cisco","status":"publish","type":"page","link":"http:\/\/lcendamo.aristeecampus.org\/index.php\/configuration-dinterfaces-sur-switch-cisco\/","title":{"rendered":"Configuration d\u2019interfaces sur switch cisco"},"content":{"rendered":"<p>Configuration d\u2019interfaces sur switch cisco<\/p>\n<p>Tout d\u2019abord, il faut se connecter en ssh sur le switch.<\/p>\n<p>Une fois cela fait, il faut faire les commandes suivantes\u00a0:<\/p>\n<p><img loading=\"lazy\" decoding=\"async\" width=\"923\" height=\"137\" class=\"wp-image-1009\" src=\"http:\/\/lcendamo.aristeecampus.org\/wp-content\/uploads\/2025\/04\/c-users-lcendamo-downloads-capture-decran-2025-0.png\" alt=\"C:\\Users\\lcendamo\\Downloads\\Capture d\u2019\u00e9cran 2025-04-18 104228.png\" srcset=\"http:\/\/lcendamo.aristeecampus.org\/wp-content\/uploads\/2025\/04\/c-users-lcendamo-downloads-capture-decran-2025-0.png 923w, http:\/\/lcendamo.aristeecampus.org\/wp-content\/uploads\/2025\/04\/c-users-lcendamo-downloads-capture-decran-2025-0-300x45.png 300w, http:\/\/lcendamo.aristeecampus.org\/wp-content\/uploads\/2025\/04\/c-users-lcendamo-downloads-capture-decran-2025-0-768x114.png 768w\" sizes=\"(max-width: 923px) 100vw, 923px\" \/><\/p>\n<p>Une fois la configuration test\u00e9e, en branchant le pc et en v\u00e9rifiant le bon acc\u00e8s au r\u00e9seau, il reste une derni\u00e8re commande \u00e0 faire\u00a0:<\/p>\n<p><img loading=\"lazy\" decoding=\"async\" width=\"217\" height=\"49\" class=\"wp-image-1010\" src=\"http:\/\/lcendamo.aristeecampus.org\/wp-content\/uploads\/2025\/04\/word-image-1008-2.png\" \/><\/p>\n<p>Cette commande permet de sauvegarder les modifications, depuis la \u00ab\u00a0running config\u00a0\u00bb vers la \u00ab\u00a0startup config\u00a0\u00bb.<\/p>\n<p>L&rsquo;intervention est termin\u00e9e, le pc devrait maintenant avoir acc\u00e8s au r\u00e9seau, sur le bon vlan.<\/p>\n","protected":false},"excerpt":{"rendered":"<p>Configuration d\u2019interfaces sur switch cisco Tout d\u2019abord, il faut se connecter en ssh sur le switch. Une fois cela fait, il faut faire les commandes suivantes\u00a0: Une fois la configuration test\u00e9e, en branchant le pc et en v\u00e9rifiant le bon acc\u00e8s au r\u00e9seau, il reste une derni\u00e8re commande \u00e0 faire\u00a0: Cette commande permet de sauvegarder [&hellip;]<\/p>\n","protected":false},"author":1,"featured_media":0,"parent":0,"menu_order":0,"comment_status":"closed","ping_status":"closed","template":"","meta":{"saved_in_kubio":false,"footnotes":""},"class_list":["post-1008","page","type-page","status-publish","hentry"],"kubio_ai_page_context":{"short_desc":"","purpose":"general"},"_links":{"self":[{"href":"http:\/\/lcendamo.aristeecampus.org\/index.php\/wp-json\/wp\/v2\/pages\/1008","targetHints":{"allow":["GET"]}}],"collection":[{"href":"http:\/\/lcendamo.aristeecampus.org\/index.php\/wp-json\/wp\/v2\/pages"}],"about":[{"href":"http:\/\/lcendamo.aristeecampus.org\/index.php\/wp-json\/wp\/v2\/types\/page"}],"author":[{"embeddable":true,"href":"http:\/\/lcendamo.aristeecampus.org\/index.php\/wp-json\/wp\/v2\/users\/1"}],"replies":[{"embeddable":true,"href":"http:\/\/lcendamo.aristeecampus.org\/index.php\/wp-json\/wp\/v2\/comments?post=1008"}],"version-history":[{"count":1,"href":"http:\/\/lcendamo.aristeecampus.org\/index.php\/wp-json\/wp\/v2\/pages\/1008\/revisions"}],"predecessor-version":[{"id":1011,"href":"http:\/\/lcendamo.aristeecampus.org\/index.php\/wp-json\/wp\/v2\/pages\/1008\/revisions\/1011"}],"wp:attachment":[{"href":"http:\/\/lcendamo.aristeecampus.org\/index.php\/wp-json\/wp\/v2\/media?parent=1008"}],"curies":[{"name":"wp","href":"https:\/\/api.w.org\/{rel}","templated":true}]}}